{"id":459,"date":"2026-01-26T06:36:59","date_gmt":"2026-01-26T06:36:59","guid":{"rendered":"https:\/\/nouveau-souffle.ch\/?page_id=459"},"modified":"2026-01-29T20:33:02","modified_gmt":"2026-01-29T20:33:02","slug":"par-ou-commencer","status":"publish","type":"page","link":"https:\/\/nouveau-souffle.ch\/fr_fr\/par-ou-commencer\/","title":{"rendered":"Par o\u00f9 commencer&#8230;"},"content":{"rendered":"\n<h2 class=\"wp-block-heading has-text-align-center\" style=\"padding-right:0;padding-left:0\"><strong>Par o\u00f9 commencer?<\/strong><\/h2>\n\n\n\n<h3 class=\"wp-block-heading has-text-align-center\">Tout commence par des petites actions concr\u00e8tes!<\/h3>\n\n\n\n<div style=\"height:45px\" aria-hidden=\"true\" class=\"wp-block-spacer\"><\/div>\n\n\n\n<p style=\"margin-top:var(--wp--preset--spacing--30);margin-right:0;margin-bottom:var(--wp--preset--spacing--30);margin-left:0;padding-right:0;padding-left:0;font-size:clamp(14px, 0.875rem + ((1vw - 3.2px) * 0.37), 18px);\">Commencer une d\u00e9marche de remise en forme peut parfois sembler intimidant. Entre les injonctions \u00e0 la performance, les emplois du temps charg\u00e9s et la peur de ne pas \u00ab en faire assez \u00bb, il est facile de se sentir d\u00e9courag\u00e9 avant m\u00eame d\u2019avoir commenc\u00e9.<br>Chez <strong>Nouveau-souffle<\/strong>, nous pensons qu\u2019il n\u2019y a pas de bonne ou de mauvaise fa\u00e7on de d\u00e9buter. L\u2019essentiel est d\u2019y aller progressivement, \u00e0 son rythme, sans culpabilit\u00e9 ni pression.<\/p>\n\n\n\n<p style=\"margin-top:var(--wp--preset--spacing--30);margin-right:0;margin-bottom:var(--wp--preset--spacing--30);margin-left:0;padding-right:0;padding-left:0;font-size:clamp(14px, 0.875rem + ((1vw - 3.2px) * 0.37), 18px);\">La remise en forme n\u2019est pas une course. C\u2019est un chemin personnel, fait de petits pas, qui doivent avant tout s\u2019adapter \u00e0 votre quotidien et \u00e0 vos besoins.\ud83c\udf3f<\/p>\n\n\n\n<div style=\"height:45px\" aria-hidden=\"true\" class=\"wp-block-spacer\"><\/div>\n\n\n\n<h3 class=\"wp-block-heading has-text-align-center\" style=\"padding-right:0;padding-left:0\">Exemple de planning l\u00e9ger pour d\u00e9buter<\/h3>\n\n\n\n<div style=\"height:45px\" aria-hidden=\"true\" class=\"wp-block-spacer\"><\/div>\n\n\n\n<div class=\"wp-block-columns alignwide is-layout-flex wp-container-core-columns-is-layout-f574cea6 wp-block-columns-is-layout-flex\" style=\"border-top-left-radius:40px;border-top-right-radius:40px;border-bottom-left-radius:40px;border-bottom-right-radius:40px;margin-bottom:0;padding-right:var(--wp--preset--spacing--30);padding-left:var(--wp--preset--spacing--30)\">\n<div class=\"wp-block-column has-border-color has-text-color has-background has-link-color wp-elements-049be87def9e40544d0c7d18ca6845e8 is-layout-flow wp-block-column-is-layout-flow\" style=\"border-color:#82735d;border-width:1px;border-top-left-radius:40px;border-top-right-radius:40px;border-bottom-left-radius:40px;border-bottom-right-radius:40px;color:#000000;background-color:#fff3e6;padding-top:2em;padding-right:2em;padding-bottom:2em;padding-left:2em;box-shadow:6px 6px 9px rgba(0, 0, 0, 0.2)\">\n<h2 class=\"wp-block-heading has-text-align-left\" id=\"single\" style=\"font-size:clamp(24.034px, 1.502rem + ((1vw - 3.2px) * 1.478), 40px);\"><strong>Lundi<\/strong><\/h2>\n\n\n\n<p class=\"has-normal-font-size\" style=\"line-height:1.5\"><strong>Lancez-vous!<\/strong><\/p>\n\n\n\n<div style=\"height:21px\" aria-hidden=\"true\" class=\"wp-block-spacer\"><\/div>\n\n\n\n<p class=\"has-text-align-center\">Marche\/course<\/p>\n\n\n\n<p class=\"has-text-align-center\">ext\u00e9rieur<\/p>\n\n\n\n<p class=\"has-text-align-center\">20min<\/p>\n<\/div>\n\n\n\n<div class=\"wp-block-column has-border-color has-text-color has-background has-link-color wp-elements-0cd30545303f66dd7dbd664b9e5e4d9d is-layout-flow wp-block-column-is-layout-flow\" style=\"border-color:#82735d;border-width:1px;border-top-left-radius:40px;border-top-right-radius:40px;border-bottom-left-radius:40px;border-bottom-right-radius:40px;color:#000000;background-color:#fff3e6;padding-top:2em;padding-right:2em;padding-bottom:2em;padding-left:2em;box-shadow:6px 6px 9px rgba(0, 0, 0, 0.2)\">\n<h2 class=\"wp-block-heading\" id=\"family\" style=\"font-size:clamp(24.034px, 1.502rem + ((1vw - 3.2px) * 1.478), 40px);\"><strong>Mardi<\/strong><\/h2>\n\n\n\n<p class=\"has-normal-font-size\" style=\"line-height:1.5\"><strong>Prenez une pause dans votre journ\u00e9e!<\/strong><\/p>\n\n\n\n<div style=\"height:21px\" aria-hidden=\"true\" class=\"wp-block-spacer\"><\/div>\n\n\n\n<p class=\"has-text-align-center\">\u00c9tirements actifs<\/p>\n\n\n\n<p class=\"has-text-align-center\">\u00e0 la maison<\/p>\n\n\n\n<p class=\"has-text-align-center\">15min<\/p>\n<\/div>\n\n\n\n<div class=\"wp-block-column has-border-color has-text-color has-background has-link-color wp-elements-97204316291a58df11204df2e0d1ec9c is-layout-flow wp-block-column-is-layout-flow\" style=\"border-color:#82735d;border-width:1px;border-top-left-radius:40px;border-top-right-radius:40px;border-bottom-left-radius:40px;border-bottom-right-radius:40px;color:#000000;background-color:#fff3e6;padding-top:2em;padding-right:2em;padding-bottom:2em;padding-left:2em;box-shadow:6px 6px 9px rgba(0, 0, 0, 0.2)\">\n<h2 class=\"wp-block-heading\" id=\"patron\" style=\"font-size:clamp(24.034px, 1.502rem + ((1vw - 3.2px) * 1.478), 40px);\"><strong>Mercredi<\/strong><\/h2>\n\n\n\n<p class=\"has-normal-font-size\"><strong>Prenez-soin de vous!<\/strong><\/p>\n\n\n\n<div style=\"height:21px\" aria-hidden=\"true\" class=\"wp-block-spacer\"><\/div>\n\n\n\n<p class=\"has-text-align-center\">Yoga doux\/respiration<\/p>\n\n\n\n<p class=\"has-text-align-center\">\u00e0 la maison<\/p>\n\n\n\n<p class=\"has-text-align-center\">10-20min<\/p>\n<\/div>\n<\/div>\n\n\n\n<div class=\"wp-block-columns alignwide is-layout-flex wp-container-core-columns-is-layout-f574cea6 wp-block-columns-is-layout-flex\" style=\"margin-bottom:0;padding-right:var(--wp--preset--spacing--30);padding-left:var(--wp--preset--spacing--30)\">\n<div class=\"wp-block-column has-border-color has-text-color has-background has-link-color wp-elements-129a15a58f287b17d93c93bdcb95b7cd is-layout-flow wp-block-column-is-layout-flow\" style=\"border-color:#82735d;border-width:1px;border-top-left-radius:40px;border-top-right-radius:40px;border-bottom-left-radius:40px;border-bottom-right-radius:40px;color:#000000;background-color:#fff3e6;padding-top:2em;padding-right:2em;padding-bottom:2em;padding-left:2em;box-shadow:6px 6px 9px rgba(0, 0, 0, 0.2)\">\n<h2 class=\"wp-block-heading\" id=\"single\" style=\"font-size:clamp(24.034px, 1.502rem + ((1vw - 3.2px) * 1.478), 40px);\"><strong>Jeudi<\/strong><\/h2>\n\n\n\n<p class=\"has-normal-font-size\" style=\"line-height:1.5\"><strong>\u00c9coutez-vous!<\/strong><\/p>\n\n\n\n<div style=\"height:21px\" aria-hidden=\"true\" class=\"wp-block-spacer\"><\/div>\n\n\n\n<p class=\"has-text-align-center\">prendre un temps pour soi et faire le point.<\/p>\n\n\n\n<p class=\"has-text-align-center\">lieu comfortable<\/p>\n\n\n\n<p class=\"has-text-align-center\">10min<\/p>\n<\/div>\n\n\n\n<div class=\"wp-block-column has-border-color has-text-color has-background has-link-color wp-elements-796d06203ea4210dee34e436172a04fb is-layout-flow wp-block-column-is-layout-flow\" style=\"border-color:#82735d;border-width:1px;border-top-left-radius:40px;border-top-right-radius:40px;border-bottom-left-radius:40px;border-bottom-right-radius:40px;color:#000000;background-color:#fff3e6;padding-top:2em;padding-right:2em;padding-bottom:2em;padding-left:2em;box-shadow:6px 6px 9px rgba(0, 0, 0, 0.2)\">\n<h2 class=\"wp-block-heading\" id=\"family\" style=\"font-size:clamp(24.034px, 1.502rem + ((1vw - 3.2px) * 1.478), 40px);\"><strong>Vendredi<\/strong><\/h2>\n\n\n\n<p class=\"has-normal-font-size\" style=\"line-height:1.5\"><strong>Pour bien finir la semaine!<\/strong><\/p>\n\n\n\n<div style=\"height:21px\" aria-hidden=\"true\" class=\"wp-block-spacer\"><\/div>\n\n\n\n<p class=\"has-text-align-center\">course\/marche<\/p>\n\n\n\n<p class=\"has-text-align-center\">ext\u00e9rieur<\/p>\n\n\n\n<p class=\"has-text-align-center\">15min<\/p>\n<\/div>\n\n\n\n<div class=\"wp-block-column has-border-color has-text-color has-background has-link-color wp-elements-b312255a23304eb14c4374b4c9001cb6 is-layout-flow wp-block-column-is-layout-flow\" style=\"border-color:#82735d;border-width:1px;border-top-left-radius:40px;border-top-right-radius:40px;border-bottom-left-radius:40px;border-bottom-right-radius:40px;color:#000000;background-color:#fff3e6;padding-top:2em;padding-right:2em;padding-bottom:2em;padding-left:2em;box-shadow:6px 6px 9px rgba(0, 0, 0, 0.2)\">\n<h2 class=\"wp-block-heading\" id=\"patron\" style=\"font-size:clamp(24.034px, 1.502rem + ((1vw - 3.2px) * 1.478), 40px);\"><strong>Week-end<\/strong><\/h2>\n\n\n\n<p class=\"has-normal-font-size\"><strong>Gardez le rythme!<\/strong><\/p>\n\n\n\n<div style=\"height:21px\" aria-hidden=\"true\" class=\"wp-block-spacer\"><\/div>\n\n\n\n<p class=\"has-text-align-center\">Balade \u00e0 v\u00e9lo, roller, \u00e0 pied<\/p>\n\n\n\n<p class=\"has-text-align-center\">ext\u00e9rieur<\/p>\n\n\n\n<p class=\"has-text-align-center\">45min<\/p>\n<\/div>\n<\/div>\n\n\n\n<div class=\"wp-block-columns alignwide is-layout-flex wp-container-core-columns-is-layout-f574cea6 wp-block-columns-is-layout-flex\" style=\"margin-bottom:0;padding-right:var(--wp--preset--spacing--30);padding-left:var(--wp--preset--spacing--30)\">\n<div class=\"wp-block-column has-border-color has-text-color has-background has-link-color wp-elements-9045e4771c88d159e20f146b1ff8e197 is-layout-flow wp-block-column-is-layout-flow\" style=\"border-color:#82735d;border-width:1px;border-top-left-radius:40px;border-top-right-radius:40px;border-bottom-left-radius:40px;border-bottom-right-radius:40px;color:#000000;background-color:#fff3e6;padding-top:2em;padding-right:2em;padding-bottom:2em;padding-left:2em;box-shadow:6px 6px 9px rgba(0, 0, 0, 0.2)\">\n<h2 class=\"wp-block-heading\" id=\"patron\" style=\"font-size:clamp(24.034px, 1.502rem + ((1vw - 3.2px) * 1.478), 40px);\"><strong>Objectifs<\/strong><\/h2>\n\n\n\n<p class=\"has-normal-font-size\"><strong>Fixez vous des objectifs r\u00e9alistes, commencez progressivement!<\/strong><\/p>\n\n\n\n<div style=\"height:21px\" aria-hidden=\"true\" class=\"wp-block-spacer\"><\/div>\n\n\n\n<ul class=\"wp-block-list has-normal-font-size\">\n<li>se sentir bien<\/li>\n\n\n\n<li>aller \u00e0 son rythme<\/li>\n\n\n\n<li>bouger!<\/li>\n<\/ul>\n<\/div>\n<\/div>\n\n\n\n<div style=\"height:45px\" aria-hidden=\"true\" class=\"wp-block-spacer\"><\/div>\n\n\n\n<p style=\"border-style:none;border-width:0px;margin-top:var(--wp--preset--spacing--40);margin-bottom:var(--wp--preset--spacing--40);padding-right:0;padding-left:0;font-size:clamp(14px, 0.875rem + ((1vw - 3.2px) * 0.37), 18px);\">Ce planning est volontairement simple et accessible. Il a pour objectif de proposer une premi\u00e8re approche du mouvement, sans contrainte de performance.<\/p>\n\n\n\n<div style=\"height:45px\" aria-hidden=\"true\" class=\"wp-block-spacer\"><\/div>\n\n\n\n<blockquote class=\"wp-block-quote is-layout-flow wp-block-quote-is-layout-flow\">\n<h4 class=\"wp-block-heading\">\ud83d\udc65 \u00c0 qui s\u2019adresse ce planning ? <\/h4>\n\n\n\n<blockquote class=\"wp-block-quote is-layout-flow wp-block-quote-is-layout-flow\">\n<p style=\"font-size:clamp(14px, 0.875rem + ((1vw - 3.2px) * 0.37), 18px);\">Ce planning s\u2019adresse \u00e0 toute personne souhaitant reprendre une activit\u00e9 physique en douceur, sans pression. Il s\u2019agit d\u2019une source d\u2019inspiration et non d\u2019un programme strict. Chacun est libre de l\u2019adapter en fonction de son rythme, de son niveau et de ses contraintes personnelles.<\/p>\n<\/blockquote>\n<\/blockquote>\n\n\n\n<div style=\"height:35px\" aria-hidden=\"true\" class=\"wp-block-spacer\"><\/div>\n","protected":false},"excerpt":{"rendered":"<p>Par o\u00f9 commencer? Tout commence par des petites actions concr\u00e8tes! Commencer une d\u00e9marche de remise en forme peut parfois sembler intimidant. Entre les injonctions \u00e0 la performance, les emplois du temps charg\u00e9s et la peur de ne pas \u00ab en faire assez \u00bb, il est facile de se sentir d\u00e9courag\u00e9 avant m\u00eame d\u2019avoir commenc\u00e9.Chez Nouveau-souffle, [&hellip;]<\/p>\n","protected":false},"author":1,"featured_media":0,"parent":0,"menu_order":0,"comment_status":"closed","ping_status":"closed","template":"","meta":{"footnotes":""},"class_list":["post-459","page","type-page","status-publish","hentry"],"yoast_head":"<!-- This site is optimized with the Yoast SEO plugin v27.3 - https:\/\/yoast.com\/product\/yoast-seo-wordpress\/ -->\n<title>Par o\u00f9 commencer... - Nouveau-souffle<\/title>\n<meta name=\"description\" content=\"Par o\u00f9 commencer la remise en forme ? Des actions simples et concr\u00e8tes pour avancer \u00e0 son rythme, sans objectif de performance stricte.\" \/>\n<meta name=\"robots\" content=\"index, follow, max-snippet:-1, max-image-preview:large, max-video-preview:-1\" \/>\n<link rel=\"canonical\" href=\"https:\/\/nouveau-souffle.ch\/fr_fr\/par-ou-commencer\/\" \/>\n<meta property=\"og:locale\" content=\"fr_FR\" \/>\n<meta property=\"og:type\" content=\"article\" \/>\n<meta property=\"og:title\" content=\"Par o\u00f9 commencer... - Nouveau-souffle\" \/>\n<meta property=\"og:description\" content=\"Par o\u00f9 commencer la remise en forme ? Des actions simples et concr\u00e8tes pour avancer \u00e0 son rythme, sans objectif de performance stricte.\" \/>\n<meta property=\"og:url\" content=\"https:\/\/nouveau-souffle.ch\/fr_fr\/par-ou-commencer\/\" \/>\n<meta property=\"og:site_name\" content=\"Nouveau-souffle\" \/>\n<meta property=\"article:modified_time\" content=\"2026-01-29T20:33:02+00:00\" \/>\n<meta name=\"twitter:card\" content=\"summary_large_image\" \/>\n<meta name=\"twitter:label1\" content=\"Dur\u00e9e de lecture estim\u00e9e\" \/>\n\t<meta name=\"twitter:data1\" content=\"2 minutes\" \/>\n<script type=\"application\/ld+json\" class=\"yoast-schema-graph\">{\"@context\":\"https:\\\/\\\/schema.org\",\"@graph\":[{\"@type\":\"WebPage\",\"@id\":\"https:\\\/\\\/nouveau-souffle.ch\\\/par-ou-commencer\\\/\",\"url\":\"https:\\\/\\\/nouveau-souffle.ch\\\/par-ou-commencer\\\/\",\"name\":\"Par o\u00f9 commencer... - Nouveau-souffle\",\"isPartOf\":{\"@id\":\"https:\\\/\\\/nouveau-souffle.ch\\\/#website\"},\"datePublished\":\"2026-01-26T06:36:59+00:00\",\"dateModified\":\"2026-01-29T20:33:02+00:00\",\"description\":\"Par o\u00f9 commencer la remise en forme ? Des actions simples et concr\u00e8tes pour avancer \u00e0 son rythme, sans objectif de performance stricte.\",\"breadcrumb\":{\"@id\":\"https:\\\/\\\/nouveau-souffle.ch\\\/par-ou-commencer\\\/#breadcrumb\"},\"inLanguage\":\"fr-FR\",\"potentialAction\":[{\"@type\":\"ReadAction\",\"target\":[\"https:\\\/\\\/nouveau-souffle.ch\\\/par-ou-commencer\\\/\"]}]},{\"@type\":\"BreadcrumbList\",\"@id\":\"https:\\\/\\\/nouveau-souffle.ch\\\/par-ou-commencer\\\/#breadcrumb\",\"itemListElement\":[{\"@type\":\"ListItem\",\"position\":1,\"name\":\"Accueil\",\"item\":\"https:\\\/\\\/nouveau-souffle.ch\\\/\"},{\"@type\":\"ListItem\",\"position\":2,\"name\":\"Par o\u00f9 commencer&#8230;\"}]},{\"@type\":\"WebSite\",\"@id\":\"https:\\\/\\\/nouveau-souffle.ch\\\/#website\",\"url\":\"https:\\\/\\\/nouveau-souffle.ch\\\/\",\"name\":\"Nouveau-souffle\",\"description\":\"\",\"publisher\":{\"@id\":\"https:\\\/\\\/nouveau-souffle.ch\\\/#organization\"},\"potentialAction\":[{\"@type\":\"SearchAction\",\"target\":{\"@type\":\"EntryPoint\",\"urlTemplate\":\"https:\\\/\\\/nouveau-souffle.ch\\\/?s={search_term_string}\"},\"query-input\":{\"@type\":\"PropertyValueSpecification\",\"valueRequired\":true,\"valueName\":\"search_term_string\"}}],\"inLanguage\":\"fr-FR\"},{\"@type\":\"Organization\",\"@id\":\"https:\\\/\\\/nouveau-souffle.ch\\\/#organization\",\"name\":\"Nouveau-souffle\",\"url\":\"https:\\\/\\\/nouveau-souffle.ch\\\/\",\"logo\":{\"@type\":\"ImageObject\",\"inLanguage\":\"fr-FR\",\"@id\":\"https:\\\/\\\/nouveau-souffle.ch\\\/#\\\/schema\\\/logo\\\/image\\\/\",\"url\":\"https:\\\/\\\/nouveau-souffle.ch\\\/wp-content\\\/uploads\\\/2026\\\/04\\\/Design-sans-titre.png\",\"contentUrl\":\"https:\\\/\\\/nouveau-souffle.ch\\\/wp-content\\\/uploads\\\/2026\\\/04\\\/Design-sans-titre.png\",\"width\":512,\"height\":512,\"caption\":\"Nouveau-souffle\"},\"image\":{\"@id\":\"https:\\\/\\\/nouveau-souffle.ch\\\/#\\\/schema\\\/logo\\\/image\\\/\"}}]}<\/script>\n<!-- \/ Yoast SEO plugin. -->","yoast_head_json":{"title":"Par o\u00f9 commencer... - Nouveau-souffle","description":"Par o\u00f9 commencer la remise en forme ? Des actions simples et concr\u00e8tes pour avancer \u00e0 son rythme, sans objectif de performance stricte.","robots":{"index":"index","follow":"follow","max-snippet":"max-snippet:-1","max-image-preview":"max-image-preview:large","max-video-preview":"max-video-preview:-1"},"canonical":"https:\/\/nouveau-souffle.ch\/fr_fr\/par-ou-commencer\/","og_locale":"fr_FR","og_type":"article","og_title":"Par o\u00f9 commencer... - Nouveau-souffle","og_description":"Par o\u00f9 commencer la remise en forme ? Des actions simples et concr\u00e8tes pour avancer \u00e0 son rythme, sans objectif de performance stricte.","og_url":"https:\/\/nouveau-souffle.ch\/fr_fr\/par-ou-commencer\/","og_site_name":"Nouveau-souffle","article_modified_time":"2026-01-29T20:33:02+00:00","twitter_card":"summary_large_image","twitter_misc":{"Dur\u00e9e de lecture estim\u00e9e":"2 minutes"},"schema":{"@context":"https:\/\/schema.org","@graph":[{"@type":"WebPage","@id":"https:\/\/nouveau-souffle.ch\/par-ou-commencer\/","url":"https:\/\/nouveau-souffle.ch\/par-ou-commencer\/","name":"Par o\u00f9 commencer... - Nouveau-souffle","isPartOf":{"@id":"https:\/\/nouveau-souffle.ch\/#website"},"datePublished":"2026-01-26T06:36:59+00:00","dateModified":"2026-01-29T20:33:02+00:00","description":"Par o\u00f9 commencer la remise en forme ? Des actions simples et concr\u00e8tes pour avancer \u00e0 son rythme, sans objectif de performance stricte.","breadcrumb":{"@id":"https:\/\/nouveau-souffle.ch\/par-ou-commencer\/#breadcrumb"},"inLanguage":"fr-FR","potentialAction":[{"@type":"ReadAction","target":["https:\/\/nouveau-souffle.ch\/par-ou-commencer\/"]}]},{"@type":"BreadcrumbList","@id":"https:\/\/nouveau-souffle.ch\/par-ou-commencer\/#breadcrumb","itemListElement":[{"@type":"ListItem","position":1,"name":"Accueil","item":"https:\/\/nouveau-souffle.ch\/"},{"@type":"ListItem","position":2,"name":"Par o\u00f9 commencer&#8230;"}]},{"@type":"WebSite","@id":"https:\/\/nouveau-souffle.ch\/#website","url":"https:\/\/nouveau-souffle.ch\/","name":"Nouveau-souffle","description":"","publisher":{"@id":"https:\/\/nouveau-souffle.ch\/#organization"},"potentialAction":[{"@type":"SearchAction","target":{"@type":"EntryPoint","urlTemplate":"https:\/\/nouveau-souffle.ch\/?s={search_term_string}"},"query-input":{"@type":"PropertyValueSpecification","valueRequired":true,"valueName":"search_term_string"}}],"inLanguage":"fr-FR"},{"@type":"Organization","@id":"https:\/\/nouveau-souffle.ch\/#organization","name":"Nouveau-souffle","url":"https:\/\/nouveau-souffle.ch\/","logo":{"@type":"ImageObject","inLanguage":"fr-FR","@id":"https:\/\/nouveau-souffle.ch\/#\/schema\/logo\/image\/","url":"https:\/\/nouveau-souffle.ch\/wp-content\/uploads\/2026\/04\/Design-sans-titre.png","contentUrl":"https:\/\/nouveau-souffle.ch\/wp-content\/uploads\/2026\/04\/Design-sans-titre.png","width":512,"height":512,"caption":"Nouveau-souffle"},"image":{"@id":"https:\/\/nouveau-souffle.ch\/#\/schema\/logo\/image\/"}}]}},"_links":{"self":[{"href":"https:\/\/nouveau-souffle.ch\/fr_fr\/wp-json\/wp\/v2\/pages\/459","targetHints":{"allow":["GET"]}}],"collection":[{"href":"https:\/\/nouveau-souffle.ch\/fr_fr\/wp-json\/wp\/v2\/pages"}],"about":[{"href":"https:\/\/nouveau-souffle.ch\/fr_fr\/wp-json\/wp\/v2\/types\/page"}],"author":[{"embeddable":true,"href":"https:\/\/nouveau-souffle.ch\/fr_fr\/wp-json\/wp\/v2\/users\/1"}],"replies":[{"embeddable":true,"href":"https:\/\/nouveau-souffle.ch\/fr_fr\/wp-json\/wp\/v2\/comments?post=459"}],"version-history":[{"count":20,"href":"https:\/\/nouveau-souffle.ch\/fr_fr\/wp-json\/wp\/v2\/pages\/459\/revisions"}],"predecessor-version":[{"id":893,"href":"https:\/\/nouveau-souffle.ch\/fr_fr\/wp-json\/wp\/v2\/pages\/459\/revisions\/893"}],"wp:attachment":[{"href":"https:\/\/nouveau-souffle.ch\/fr_fr\/wp-json\/wp\/v2\/media?parent=459"}],"curies":[{"name":"wp","href":"https:\/\/api.w.org\/{rel}","templated":true}]}}