{"id":455,"date":"2026-01-26T06:34:50","date_gmt":"2026-01-26T06:34:50","guid":{"rendered":"https:\/\/nouveau-souffle.ch\/?page_id=455"},"modified":"2026-01-29T20:30:04","modified_gmt":"2026-01-29T20:30:04","slug":"alimentation-equilibree","status":"publish","type":"page","link":"https:\/\/nouveau-souffle.ch\/fr_fr\/alimentation-equilibree\/","title":{"rendered":"Alimentation"},"content":{"rendered":"\n<h2 class=\"wp-block-heading has-text-align-center\" style=\"padding-right:0;padding-left:0\"><strong>Manger \u00e9quilibr\u00e9<\/strong><\/h2>\n\n\n\n<div style=\"height:32px\" aria-hidden=\"true\" class=\"wp-block-spacer\"><\/div>\n\n\n\n<p style=\"padding-right:0;padding-left:0;font-size:clamp(14px, 0.875rem + ((1vw - 3.2px) * 0.37), 18px);\">L\u2019alimentation est souvent associ\u00e9e \u00e0 des r\u00e8gles strictes, des interdits ou des objectifs de performance. Pourtant, manger \u00e9quilibr\u00e9 ne signifie pas suivre un r\u00e9gime ou viser la perfection. Chez Nouveau-Souffle, l\u2019alimentation est envisag\u00e9e comme un soutien au bien-\u00eatre global, au service de l\u2019\u00e9nergie, de la r\u00e9cup\u00e9ration et de l\u2019\u00e9quilibre mental.<\/p>\n\n\n\n<p style=\"padding-right:0;padding-left:0;font-size:clamp(14px, 0.875rem + ((1vw - 3.2px) * 0.37), 18px);\">Cette page propose des rep\u00e8res simples et accessibles, pens\u00e9s pour s\u2019adapter au quotidien et encourager une relation plus sereine avec l\u2019alimentation. Il est possible d\u2019atteindre une alimentation \u00e9quilibr\u00e9e tout en se faisant plaisir !<\/p>\n\n\n\n<div style=\"height:34px\" aria-hidden=\"true\" class=\"wp-block-spacer\"><\/div>\n\n\n\n<figure class=\"wp-block-image aligncenter size-large is-resized has-custom-border\"><img loading=\"lazy\" decoding=\"async\" width=\"1024\" height=\"683\" src=\"https:\/\/nouveau-souffle.ch\/wp-content\/uploads\/2026\/01\/mohanad-karawanchy-A8spG1Yh2Q4-unsplash-1024x683.webp\" alt=\"Bol de riz avec diff\u00e9rent l\u00e9gume comme poivron, broccoli, carottes, viande avec sauce champignons\" class=\"wp-image-476\" style=\"border-top-left-radius:40px;border-top-right-radius:40px;border-bottom-left-radius:40px;border-bottom-right-radius:40px;aspect-ratio:1.5000209960527422;width:845px;height:auto\" srcset=\"https:\/\/nouveau-souffle.ch\/wp-content\/uploads\/2026\/01\/mohanad-karawanchy-A8spG1Yh2Q4-unsplash-1024x683.webp 1024w, https:\/\/nouveau-souffle.ch\/wp-content\/uploads\/2026\/01\/mohanad-karawanchy-A8spG1Yh2Q4-unsplash-300x200.webp 300w, https:\/\/nouveau-souffle.ch\/wp-content\/uploads\/2026\/01\/mohanad-karawanchy-A8spG1Yh2Q4-unsplash-768x512.webp 768w, https:\/\/nouveau-souffle.ch\/wp-content\/uploads\/2026\/01\/mohanad-karawanchy-A8spG1Yh2Q4-unsplash-1536x1024.webp 1536w, https:\/\/nouveau-souffle.ch\/wp-content\/uploads\/2026\/01\/mohanad-karawanchy-A8spG1Yh2Q4-unsplash-2048x1365.webp 2048w\" sizes=\"auto, (max-width: 1024px) 100vw, 1024px\" \/><\/figure>\n\n\n\n<div style=\"height:71px\" aria-hidden=\"true\" class=\"wp-block-spacer\"><\/div>\n\n\n\n<h2 class=\"wp-block-heading has-text-align-center\" style=\"padding-top:0;padding-right:0;padding-bottom:0;padding-left:0\"><strong>Id\u00e9es de plats simples&#8230;<\/strong><\/h2>\n\n\n\n<div style=\"height:32px\" aria-hidden=\"true\" class=\"wp-block-spacer\"><\/div>\n\n\n\n<div class=\"wp-block-columns alignwide is-layout-flex wp-container-core-columns-is-layout-d2da2050 wp-block-columns-is-layout-flex\" style=\"margin-bottom:0\">\n<div class=\"wp-block-column has-border-color has-text-color has-background has-link-color wp-elements-818056d821654df0126cc9963c1d0002 is-layout-flow wp-block-column-is-layout-flow\" style=\"border-color:#82735d;border-width:2px;border-top-left-radius:40px;border-top-right-radius:40px;border-bottom-left-radius:40px;border-bottom-right-radius:40px;color:#000000;background-color:#fff3e6;padding-top:2em;padding-right:2em;padding-bottom:2em;padding-left:2em;box-shadow:6px 6px 0px rgba(0, 0, 0, 0.2)\">\n<h2 class=\"wp-block-heading\" id=\"single\" style=\"font-size:clamp(24.034px, 1.502rem + ((1vw - 3.2px) * 1.478), 40px);\"><strong>Matin<\/strong><\/h2>\n\n\n\n<p class=\"has-normal-font-size\" style=\"line-height:1.5\"><strong>Aide \u00e0 relancer l\u2019organisme apr\u00e8s la nuit et \u00e0 d\u00e9marrer la journ\u00e9e avec plus d\u2019\u00e9nergie et de concentration.<\/strong><\/p>\n\n\n\n<hr class=\"wp-block-separator has-css-opacity is-style-wide\"\/>\n\n\n\n<ul class=\"wp-block-list has-normal-font-size\">\n<li>Fruits<\/li>\n\n\n\n<li>Tartines<\/li>\n\n\n\n<li>C\u00e9r\u00e9ales<\/li>\n\n\n\n<li>Oeufs<\/li>\n<\/ul>\n<\/div>\n\n\n\n<div class=\"wp-block-column has-border-color has-text-color has-background has-link-color wp-elements-b025dbe08c69b5135ac8cdd4a4b5bbc6 is-layout-flow wp-block-column-is-layout-flow\" style=\"border-color:#82735d;border-width:2px;border-top-left-radius:40px;border-top-right-radius:40px;border-bottom-left-radius:40px;border-bottom-right-radius:40px;color:#000000;background-color:#fff3e6;padding-top:2em;padding-right:2em;padding-bottom:2em;padding-left:2em;box-shadow:6px 6px 0px rgba(0, 0, 0, 0.2)\">\n<h2 class=\"wp-block-heading\" id=\"family\" style=\"font-size:clamp(24.034px, 1.502rem + ((1vw - 3.2px) * 1.478), 40px);\"><strong>Midi<\/strong><\/h2>\n\n\n\n<p class=\"has-normal-font-size\" style=\"line-height:1.5\"><strong>Permet de maintenir un bon niveau d\u2019\u00e9nergie pour le reste de la journ\u00e9e. Il doit \u00eatre nourrissant, \u00e9quilibr\u00e9 et adapt\u00e9 au rythme de chacun.<\/strong><\/p>\n\n\n\n<hr class=\"wp-block-separator has-css-opacity is-style-wide\"\/>\n\n\n\n<ul class=\"wp-block-list has-normal-font-size\">\n<li>Bowl : riz, l\u00e9gumes r\u00f4tis, pois chiches ou \u0153ufs<\/li>\n\n\n\n<li>P\u00e2tes compl\u00e8tes avec l\u00e9gumes et sauce l\u00e9g\u00e8re<\/li>\n\n\n\n<li>Salade compl\u00e8te (l\u00e9gumes + f\u00e9culents + source de prot\u00e9ines)<\/li>\n<\/ul>\n<\/div>\n\n\n\n<div class=\"wp-block-column has-border-color has-text-color has-background has-link-color wp-elements-aa23bb25e2200dcac6e5b3dc526f9d10 is-layout-flow wp-block-column-is-layout-flow\" style=\"border-color:#82735d;border-width:2px;border-top-left-radius:40px;border-top-right-radius:40px;border-bottom-left-radius:40px;border-bottom-right-radius:40px;color:#000000;background-color:#fff3e6;padding-top:2em;padding-right:2em;padding-bottom:2em;padding-left:2em;box-shadow:6px 6px 0px rgba(0, 0, 0, 0.2)\">\n<h2 class=\"wp-block-heading\" id=\"patron\" style=\"font-size:clamp(24.034px, 1.502rem + ((1vw - 3.2px) * 1.478), 40px);\"><strong>Soir<\/strong><\/h2>\n\n\n\n<p class=\"has-normal-font-size\"><strong>Accompagne la r\u00e9cup\u00e9ration et pr\u00e9pare au repos. Un repas plus l\u00e9ger peut favoriser un meilleur sommeil, sans pour autant \u00eatre insuffisant.<\/strong><\/p>\n\n\n\n<hr class=\"wp-block-separator has-css-opacity is-style-wide\"\/>\n\n\n\n<ul class=\"wp-block-list has-normal-font-size\">\n<li>Soupe ou velout\u00e9 de l\u00e9gumes<\/li>\n\n\n\n<li>L\u00e9gumes cuits avec quinoa, riz ou pommes de terre<\/li>\n\n\n\n<li>Poisson ou alternative v\u00e9g\u00e9tale + l\u00e9gumes<\/li>\n<\/ul>\n<\/div>\n<\/div>\n\n\n\n<div class=\"wp-block-columns alignwide is-layout-flex wp-container-core-columns-is-layout-d2da2050 wp-block-columns-is-layout-flex\" style=\"margin-bottom:0\">\n<div class=\"wp-block-column has-border-color has-text-color has-background has-link-color wp-elements-c47d62beed718551d5e063fd74b3757e is-layout-flow wp-block-column-is-layout-flow\" style=\"border-color:#82735d;border-width:2px;border-top-left-radius:40px;border-top-right-radius:40px;border-bottom-left-radius:40px;border-bottom-right-radius:40px;color:#000000;background-color:#fff3e6;padding-top:2em;padding-right:2em;padding-bottom:2em;padding-left:2em;box-shadow:6px 6px 0px rgba(0, 0, 0, 0.2)\">\n<figure class=\"wp-block-image size-large has-custom-border\"><img loading=\"lazy\" decoding=\"async\" width=\"1024\" height=\"1024\" src=\"https:\/\/nouveau-souffle.ch\/wp-content\/uploads\/2026\/01\/hailey-tong-4JZhDDzspfo-unsplash-1024x1024.webp\" alt=\"French toast, petit d\u00e9jeuner avec des fruit un caf\u00e9 et de la confiture dispos\u00e9 sur une table\" class=\"wp-image-871\" style=\"border-top-left-radius:40px;border-top-right-radius:40px;border-bottom-left-radius:40px;border-bottom-right-radius:40px\" srcset=\"https:\/\/nouveau-souffle.ch\/wp-content\/uploads\/2026\/01\/hailey-tong-4JZhDDzspfo-unsplash-1024x1024.webp 1024w, https:\/\/nouveau-souffle.ch\/wp-content\/uploads\/2026\/01\/hailey-tong-4JZhDDzspfo-unsplash-300x300.webp 300w, https:\/\/nouveau-souffle.ch\/wp-content\/uploads\/2026\/01\/hailey-tong-4JZhDDzspfo-unsplash-150x150.webp 150w, https:\/\/nouveau-souffle.ch\/wp-content\/uploads\/2026\/01\/hailey-tong-4JZhDDzspfo-unsplash-768x768.webp 768w, https:\/\/nouveau-souffle.ch\/wp-content\/uploads\/2026\/01\/hailey-tong-4JZhDDzspfo-unsplash-1536x1536.webp 1536w, https:\/\/nouveau-souffle.ch\/wp-content\/uploads\/2026\/01\/hailey-tong-4JZhDDzspfo-unsplash-2048x2048.webp 2048w\" sizes=\"auto, (max-width: 1024px) 100vw, 1024px\" \/><\/figure>\n<\/div>\n\n\n\n<div class=\"wp-block-column has-border-color has-text-color has-background has-link-color wp-elements-8fc8ab25de341fea74e7fac923025267 is-layout-flow wp-block-column-is-layout-flow\" style=\"border-color:#82735d;border-width:2px;border-top-left-radius:40px;border-top-right-radius:40px;border-bottom-left-radius:40px;border-bottom-right-radius:40px;color:#000000;background-color:#fff3e6;padding-top:2em;padding-right:2em;padding-bottom:2em;padding-left:2em;box-shadow:6px 6px 0px rgba(0, 0, 0, 0.2)\">\n<figure class=\"wp-block-image size-large has-custom-border\"><img loading=\"lazy\" decoding=\"async\" width=\"1024\" height=\"1024\" src=\"https:\/\/nouveau-souffle.ch\/wp-content\/uploads\/2026\/01\/abdelkader1001-OlHZpma28eU-unsplash-1024x1024.webp\" alt=\"Bol de riz avec tomates, concombre, graines de soja, carottes, mangue\" class=\"wp-image-872\" style=\"border-top-left-radius:40px;border-top-right-radius:40px;border-bottom-left-radius:40px;border-bottom-right-radius:40px\" srcset=\"https:\/\/nouveau-souffle.ch\/wp-content\/uploads\/2026\/01\/abdelkader1001-OlHZpma28eU-unsplash-1024x1024.webp 1024w, https:\/\/nouveau-souffle.ch\/wp-content\/uploads\/2026\/01\/abdelkader1001-OlHZpma28eU-unsplash-300x300.webp 300w, https:\/\/nouveau-souffle.ch\/wp-content\/uploads\/2026\/01\/abdelkader1001-OlHZpma28eU-unsplash-150x150.webp 150w, https:\/\/nouveau-souffle.ch\/wp-content\/uploads\/2026\/01\/abdelkader1001-OlHZpma28eU-unsplash-768x768.webp 768w, https:\/\/nouveau-souffle.ch\/wp-content\/uploads\/2026\/01\/abdelkader1001-OlHZpma28eU-unsplash-1536x1536.webp 1536w, https:\/\/nouveau-souffle.ch\/wp-content\/uploads\/2026\/01\/abdelkader1001-OlHZpma28eU-unsplash-2048x2048.webp 2048w\" sizes=\"auto, (max-width: 1024px) 100vw, 1024px\" \/><\/figure>\n<\/div>\n\n\n\n<div class=\"wp-block-column has-border-color has-text-color has-background has-link-color wp-elements-5b6bb0da2e817c9ba17dd9c341873d9c is-layout-flow wp-block-column-is-layout-flow\" style=\"border-color:#82735d;border-width:2px;border-top-left-radius:40px;border-top-right-radius:40px;border-bottom-left-radius:40px;border-bottom-right-radius:40px;color:#000000;background-color:#fff3e6;padding-top:2em;padding-right:2em;padding-bottom:2em;padding-left:2em;box-shadow:6px 6px 0px rgba(0, 0, 0, 0.2)\">\n<figure class=\"wp-block-image size-large has-custom-border\"><img loading=\"lazy\" decoding=\"async\" width=\"1024\" height=\"1024\" src=\"https:\/\/nouveau-souffle.ch\/wp-content\/uploads\/2026\/01\/adela-dvorakova-RnawErGtxO4-unsplash-1024x1024.webp\" alt=\"Soupe aux l\u00e9gumes, de couleur gris\u00e2tre une main de quelqu'un qui y rajoute de la cr\u00e8me\" class=\"wp-image-873\" style=\"border-top-left-radius:40px;border-top-right-radius:40px;border-bottom-left-radius:40px;border-bottom-right-radius:40px\" srcset=\"https:\/\/nouveau-souffle.ch\/wp-content\/uploads\/2026\/01\/adela-dvorakova-RnawErGtxO4-unsplash-1024x1024.webp 1024w, https:\/\/nouveau-souffle.ch\/wp-content\/uploads\/2026\/01\/adela-dvorakova-RnawErGtxO4-unsplash-300x300.webp 300w, https:\/\/nouveau-souffle.ch\/wp-content\/uploads\/2026\/01\/adela-dvorakova-RnawErGtxO4-unsplash-150x150.webp 150w, https:\/\/nouveau-souffle.ch\/wp-content\/uploads\/2026\/01\/adela-dvorakova-RnawErGtxO4-unsplash-768x768.webp 768w, https:\/\/nouveau-souffle.ch\/wp-content\/uploads\/2026\/01\/adela-dvorakova-RnawErGtxO4-unsplash-1536x1536.webp 1536w, https:\/\/nouveau-souffle.ch\/wp-content\/uploads\/2026\/01\/adela-dvorakova-RnawErGtxO4-unsplash-2048x2048.webp 2048w\" sizes=\"auto, (max-width: 1024px) 100vw, 1024px\" \/><\/figure>\n<\/div>\n<\/div>\n\n\n\n<figure class=\"wp-block-pullquote has-hedvig-letters-serif-regular-font-family\" style=\"font-size:clamp(17.905px, 1.119rem + ((1vw - 3.2px) * 0.935), 28px);\"><blockquote><p>une alimentation \u00e9quilibr\u00e9e tout en se faisant plaisir!<br><\/p><cite>L&rsquo;\u00e9quipe Nouveau-souffle!\ud83c\udf38<\/cite><\/blockquote><\/figure>\n\n\n\n<p><\/p>\n","protected":false},"excerpt":{"rendered":"<p>Manger \u00e9quilibr\u00e9 L\u2019alimentation est souvent associ\u00e9e \u00e0 des r\u00e8gles strictes, des interdits ou des objectifs de performance. Pourtant, manger \u00e9quilibr\u00e9 ne signifie pas suivre un r\u00e9gime ou viser la perfection. Chez Nouveau-Souffle, l\u2019alimentation est envisag\u00e9e comme un soutien au bien-\u00eatre global, au service de l\u2019\u00e9nergie, de la r\u00e9cup\u00e9ration et de l\u2019\u00e9quilibre mental. Cette page propose [&hellip;]<\/p>\n","protected":false},"author":1,"featured_media":0,"parent":0,"menu_order":0,"comment_status":"closed","ping_status":"closed","template":"","meta":{"footnotes":""},"class_list":["post-455","page","type-page","status-publish","hentry"],"yoast_head":"<!-- This site is optimized with the Yoast SEO plugin v27.3 - https:\/\/yoast.com\/product\/yoast-seo-wordpress\/ -->\n<title>Alimentation - Nouveau-souffle<\/title>\n<meta name=\"description\" content=\"Une alimentation \u00e9quilibr\u00e9e tout en se faisant plaisir: avec des conseils simples pour soutenir le bien-\u00eatre et s\u2019adapter au quotidien.\" \/>\n<meta name=\"robots\" content=\"index, follow, max-snippet:-1, max-image-preview:large, max-video-preview:-1\" \/>\n<link rel=\"canonical\" href=\"https:\/\/nouveau-souffle.ch\/fr_fr\/alimentation-equilibree\/\" \/>\n<meta property=\"og:locale\" content=\"fr_FR\" \/>\n<meta property=\"og:type\" content=\"article\" \/>\n<meta property=\"og:title\" content=\"Alimentation - Nouveau-souffle\" \/>\n<meta property=\"og:description\" content=\"Une alimentation \u00e9quilibr\u00e9e tout en se faisant plaisir: avec des conseils simples pour soutenir le bien-\u00eatre et s\u2019adapter au quotidien.\" \/>\n<meta property=\"og:url\" content=\"https:\/\/nouveau-souffle.ch\/fr_fr\/alimentation-equilibree\/\" \/>\n<meta property=\"og:site_name\" content=\"Nouveau-souffle\" \/>\n<meta property=\"article:modified_time\" content=\"2026-01-29T20:30:04+00:00\" \/>\n<meta property=\"og:image\" content=\"https:\/\/nouveau-souffle.ch\/wp-content\/uploads\/2026\/01\/mohanad-karawanchy-A8spG1Yh2Q4-unsplash-scaled.webp\" \/>\n\t<meta property=\"og:image:width\" content=\"2560\" \/>\n\t<meta property=\"og:image:height\" content=\"1707\" \/>\n\t<meta property=\"og:image:type\" content=\"image\/webp\" \/>\n<meta name=\"twitter:card\" content=\"summary_large_image\" \/>\n<meta name=\"twitter:label1\" content=\"Dur\u00e9e de lecture estim\u00e9e\" \/>\n\t<meta name=\"twitter:data1\" content=\"2 minutes\" \/>\n<script type=\"application\/ld+json\" class=\"yoast-schema-graph\">{\"@context\":\"https:\\\/\\\/schema.org\",\"@graph\":[{\"@type\":\"WebPage\",\"@id\":\"https:\\\/\\\/nouveau-souffle.ch\\\/alimentation-equilibree\\\/\",\"url\":\"https:\\\/\\\/nouveau-souffle.ch\\\/alimentation-equilibree\\\/\",\"name\":\"Alimentation - Nouveau-souffle\",\"isPartOf\":{\"@id\":\"https:\\\/\\\/nouveau-souffle.ch\\\/#website\"},\"primaryImageOfPage\":{\"@id\":\"https:\\\/\\\/nouveau-souffle.ch\\\/alimentation-equilibree\\\/#primaryimage\"},\"image\":{\"@id\":\"https:\\\/\\\/nouveau-souffle.ch\\\/alimentation-equilibree\\\/#primaryimage\"},\"thumbnailUrl\":\"https:\\\/\\\/nouveau-souffle.ch\\\/wp-content\\\/uploads\\\/2026\\\/01\\\/mohanad-karawanchy-A8spG1Yh2Q4-unsplash-1024x683.webp\",\"datePublished\":\"2026-01-26T06:34:50+00:00\",\"dateModified\":\"2026-01-29T20:30:04+00:00\",\"description\":\"Une alimentation \u00e9quilibr\u00e9e tout en se faisant plaisir: avec des conseils simples pour soutenir le bien-\u00eatre et s\u2019adapter au quotidien.\",\"breadcrumb\":{\"@id\":\"https:\\\/\\\/nouveau-souffle.ch\\\/alimentation-equilibree\\\/#breadcrumb\"},\"inLanguage\":\"fr-FR\",\"potentialAction\":[{\"@type\":\"ReadAction\",\"target\":[\"https:\\\/\\\/nouveau-souffle.ch\\\/alimentation-equilibree\\\/\"]}]},{\"@type\":\"ImageObject\",\"inLanguage\":\"fr-FR\",\"@id\":\"https:\\\/\\\/nouveau-souffle.ch\\\/alimentation-equilibree\\\/#primaryimage\",\"url\":\"https:\\\/\\\/nouveau-souffle.ch\\\/wp-content\\\/uploads\\\/2026\\\/01\\\/mohanad-karawanchy-A8spG1Yh2Q4-unsplash-1024x683.webp\",\"contentUrl\":\"https:\\\/\\\/nouveau-souffle.ch\\\/wp-content\\\/uploads\\\/2026\\\/01\\\/mohanad-karawanchy-A8spG1Yh2Q4-unsplash-1024x683.webp\"},{\"@type\":\"BreadcrumbList\",\"@id\":\"https:\\\/\\\/nouveau-souffle.ch\\\/alimentation-equilibree\\\/#breadcrumb\",\"itemListElement\":[{\"@type\":\"ListItem\",\"position\":1,\"name\":\"Accueil\",\"item\":\"https:\\\/\\\/nouveau-souffle.ch\\\/\"},{\"@type\":\"ListItem\",\"position\":2,\"name\":\"Alimentation\"}]},{\"@type\":\"WebSite\",\"@id\":\"https:\\\/\\\/nouveau-souffle.ch\\\/#website\",\"url\":\"https:\\\/\\\/nouveau-souffle.ch\\\/\",\"name\":\"Nouveau-souffle\",\"description\":\"\",\"publisher\":{\"@id\":\"https:\\\/\\\/nouveau-souffle.ch\\\/#organization\"},\"potentialAction\":[{\"@type\":\"SearchAction\",\"target\":{\"@type\":\"EntryPoint\",\"urlTemplate\":\"https:\\\/\\\/nouveau-souffle.ch\\\/?s={search_term_string}\"},\"query-input\":{\"@type\":\"PropertyValueSpecification\",\"valueRequired\":true,\"valueName\":\"search_term_string\"}}],\"inLanguage\":\"fr-FR\"},{\"@type\":\"Organization\",\"@id\":\"https:\\\/\\\/nouveau-souffle.ch\\\/#organization\",\"name\":\"Nouveau-souffle\",\"url\":\"https:\\\/\\\/nouveau-souffle.ch\\\/\",\"logo\":{\"@type\":\"ImageObject\",\"inLanguage\":\"fr-FR\",\"@id\":\"https:\\\/\\\/nouveau-souffle.ch\\\/#\\\/schema\\\/logo\\\/image\\\/\",\"url\":\"https:\\\/\\\/nouveau-souffle.ch\\\/wp-content\\\/uploads\\\/2026\\\/04\\\/Design-sans-titre.png\",\"contentUrl\":\"https:\\\/\\\/nouveau-souffle.ch\\\/wp-content\\\/uploads\\\/2026\\\/04\\\/Design-sans-titre.png\",\"width\":512,\"height\":512,\"caption\":\"Nouveau-souffle\"},\"image\":{\"@id\":\"https:\\\/\\\/nouveau-souffle.ch\\\/#\\\/schema\\\/logo\\\/image\\\/\"}}]}<\/script>\n<!-- \/ Yoast SEO plugin. -->","yoast_head_json":{"title":"Alimentation - Nouveau-souffle","description":"Une alimentation \u00e9quilibr\u00e9e tout en se faisant plaisir: avec des conseils simples pour soutenir le bien-\u00eatre et s\u2019adapter au quotidien.","robots":{"index":"index","follow":"follow","max-snippet":"max-snippet:-1","max-image-preview":"max-image-preview:large","max-video-preview":"max-video-preview:-1"},"canonical":"https:\/\/nouveau-souffle.ch\/fr_fr\/alimentation-equilibree\/","og_locale":"fr_FR","og_type":"article","og_title":"Alimentation - Nouveau-souffle","og_description":"Une alimentation \u00e9quilibr\u00e9e tout en se faisant plaisir: avec des conseils simples pour soutenir le bien-\u00eatre et s\u2019adapter au quotidien.","og_url":"https:\/\/nouveau-souffle.ch\/fr_fr\/alimentation-equilibree\/","og_site_name":"Nouveau-souffle","article_modified_time":"2026-01-29T20:30:04+00:00","og_image":[{"width":2560,"height":1707,"url":"https:\/\/nouveau-souffle.ch\/wp-content\/uploads\/2026\/01\/mohanad-karawanchy-A8spG1Yh2Q4-unsplash-scaled.webp","type":"image\/webp"}],"twitter_card":"summary_large_image","twitter_misc":{"Dur\u00e9e de lecture estim\u00e9e":"2 minutes"},"schema":{"@context":"https:\/\/schema.org","@graph":[{"@type":"WebPage","@id":"https:\/\/nouveau-souffle.ch\/alimentation-equilibree\/","url":"https:\/\/nouveau-souffle.ch\/alimentation-equilibree\/","name":"Alimentation - Nouveau-souffle","isPartOf":{"@id":"https:\/\/nouveau-souffle.ch\/#website"},"primaryImageOfPage":{"@id":"https:\/\/nouveau-souffle.ch\/alimentation-equilibree\/#primaryimage"},"image":{"@id":"https:\/\/nouveau-souffle.ch\/alimentation-equilibree\/#primaryimage"},"thumbnailUrl":"https:\/\/nouveau-souffle.ch\/wp-content\/uploads\/2026\/01\/mohanad-karawanchy-A8spG1Yh2Q4-unsplash-1024x683.webp","datePublished":"2026-01-26T06:34:50+00:00","dateModified":"2026-01-29T20:30:04+00:00","description":"Une alimentation \u00e9quilibr\u00e9e tout en se faisant plaisir: avec des conseils simples pour soutenir le bien-\u00eatre et s\u2019adapter au quotidien.","breadcrumb":{"@id":"https:\/\/nouveau-souffle.ch\/alimentation-equilibree\/#breadcrumb"},"inLanguage":"fr-FR","potentialAction":[{"@type":"ReadAction","target":["https:\/\/nouveau-souffle.ch\/alimentation-equilibree\/"]}]},{"@type":"ImageObject","inLanguage":"fr-FR","@id":"https:\/\/nouveau-souffle.ch\/alimentation-equilibree\/#primaryimage","url":"https:\/\/nouveau-souffle.ch\/wp-content\/uploads\/2026\/01\/mohanad-karawanchy-A8spG1Yh2Q4-unsplash-1024x683.webp","contentUrl":"https:\/\/nouveau-souffle.ch\/wp-content\/uploads\/2026\/01\/mohanad-karawanchy-A8spG1Yh2Q4-unsplash-1024x683.webp"},{"@type":"BreadcrumbList","@id":"https:\/\/nouveau-souffle.ch\/alimentation-equilibree\/#breadcrumb","itemListElement":[{"@type":"ListItem","position":1,"name":"Accueil","item":"https:\/\/nouveau-souffle.ch\/"},{"@type":"ListItem","position":2,"name":"Alimentation"}]},{"@type":"WebSite","@id":"https:\/\/nouveau-souffle.ch\/#website","url":"https:\/\/nouveau-souffle.ch\/","name":"Nouveau-souffle","description":"","publisher":{"@id":"https:\/\/nouveau-souffle.ch\/#organization"},"potentialAction":[{"@type":"SearchAction","target":{"@type":"EntryPoint","urlTemplate":"https:\/\/nouveau-souffle.ch\/?s={search_term_string}"},"query-input":{"@type":"PropertyValueSpecification","valueRequired":true,"valueName":"search_term_string"}}],"inLanguage":"fr-FR"},{"@type":"Organization","@id":"https:\/\/nouveau-souffle.ch\/#organization","name":"Nouveau-souffle","url":"https:\/\/nouveau-souffle.ch\/","logo":{"@type":"ImageObject","inLanguage":"fr-FR","@id":"https:\/\/nouveau-souffle.ch\/#\/schema\/logo\/image\/","url":"https:\/\/nouveau-souffle.ch\/wp-content\/uploads\/2026\/04\/Design-sans-titre.png","contentUrl":"https:\/\/nouveau-souffle.ch\/wp-content\/uploads\/2026\/04\/Design-sans-titre.png","width":512,"height":512,"caption":"Nouveau-souffle"},"image":{"@id":"https:\/\/nouveau-souffle.ch\/#\/schema\/logo\/image\/"}}]}},"_links":{"self":[{"href":"https:\/\/nouveau-souffle.ch\/fr_fr\/wp-json\/wp\/v2\/pages\/455","targetHints":{"allow":["GET"]}}],"collection":[{"href":"https:\/\/nouveau-souffle.ch\/fr_fr\/wp-json\/wp\/v2\/pages"}],"about":[{"href":"https:\/\/nouveau-souffle.ch\/fr_fr\/wp-json\/wp\/v2\/types\/page"}],"author":[{"embeddable":true,"href":"https:\/\/nouveau-souffle.ch\/fr_fr\/wp-json\/wp\/v2\/users\/1"}],"replies":[{"embeddable":true,"href":"https:\/\/nouveau-souffle.ch\/fr_fr\/wp-json\/wp\/v2\/comments?post=455"}],"version-history":[{"count":30,"href":"https:\/\/nouveau-souffle.ch\/fr_fr\/wp-json\/wp\/v2\/pages\/455\/revisions"}],"predecessor-version":[{"id":890,"href":"https:\/\/nouveau-souffle.ch\/fr_fr\/wp-json\/wp\/v2\/pages\/455\/revisions\/890"}],"wp:attachment":[{"href":"https:\/\/nouveau-souffle.ch\/fr_fr\/wp-json\/wp\/v2\/media?parent=455"}],"curies":[{"name":"wp","href":"https:\/\/api.w.org\/{rel}","templated":true}]}}