{"id":405,"date":"2026-01-25T14:35:43","date_gmt":"2026-01-25T14:35:43","guid":{"rendered":"https:\/\/nouveau-souffle.ch\/?page_id=405"},"modified":"2026-01-29T10:52:10","modified_gmt":"2026-01-29T10:52:10","slug":"faq","status":"publish","type":"page","link":"https:\/\/nouveau-souffle.ch\/fr_fr\/faq\/","title":{"rendered":"FAQ"},"content":{"rendered":"\n<h3 class=\"wp-block-heading has-text-align-center\">Des questions fr\u00e9quentes, vous avez la r\u00e9ponses ici!<\/h3>\n\n\n\n<div class=\"wp-block-group alignfull has-global-padding is-layout-constrained wp-container-core-group-is-layout-e58bd32f wp-block-group-is-layout-constrained\" style=\"border-style:none;border-width:0px;border-top-left-radius:0px;border-top-right-radius:0px;border-bottom-left-radius:0px;border-bottom-right-radius:0px;min-height:0px;margin-top:0;margin-bottom:0;padding-top:0;padding-right:0;padding-bottom:0;padding-left:0\">\n<div class=\"schema-faq wp-block-yoast-faq-block\"><div class=\"schema-faq-section\" id=\"faq-question-1769353995112\"><strong class=\"schema-faq-question\"><strong>\ud83e\udebbFaut-il \u00eatre sportif pour suivre Nouveau Souffle ?<\/strong><br\/><\/strong> <p class=\"schema-faq-answer\">Absolument pas. Nouveau Souffle s\u2019adresse \u00e0 toutes les personnes, quel que soit leur niveau. L\u2019objectif est de proposer une approche accessible du mouvement, adapt\u00e9e au rythme et aux besoins de chacun, sans pression ni performance impos\u00e9e.<\/p> <\/div> <div class=\"schema-faq-section\" id=\"faq-question-1769354020824\"><strong class=\"schema-faq-question\"><br\/><strong>\u2b50Comment int\u00e9grer le sport dans un quotidien charg\u00e9 ?<\/strong><br\/><\/strong> <p class=\"schema-faq-answer\">En privil\u00e9giant des activit\u00e9s simples, flexibles et adapt\u00e9es \u00e0 son mode de vie. Marcher, respirer, bouger quelques minutes ou pratiquer une activit\u00e9 douce sont autant de moyens efficaces pour int\u00e9grer le mouvement dans le quotidien, sans contrainte.<\/p> <\/div> <div class=\"schema-faq-section\" id=\"faq-question-1769354200514\"><strong class=\"schema-faq-question\"><br\/><strong>\ud83e\uded0Combien de temps faut-il consacrer au sport pour en ressentir les bienfaits ?<\/strong><br\/><\/strong> <p class=\"schema-faq-answer\">M\u00eame quelques minutes d\u2019activit\u00e9 par jour peuvent avoir un impact positif. L\u2019important n\u2019est pas la dur\u00e9e, mais la r\u00e9gularit\u00e9 et l\u2019\u00e9coute de soi. Chaque mouvement compte et participe au bien-\u00eatre global.<\/p> <\/div> <div class=\"schema-faq-section\" id=\"faq-question-1769354049365\"><strong class=\"schema-faq-question\"><br\/><strong>\ud83c\udf1eLe sport peut-il aider \u00e0 g\u00e9rer le stress et l\u2019anxi\u00e9t\u00e9 ?<\/strong><br\/><\/strong> <p class=\"schema-faq-answer\">Oui, l\u2019activit\u00e9 physique est reconnue pour ses effets positifs sur la gestion du stress et de l\u2019anxi\u00e9t\u00e9. Elle permet de rel\u00e2cher les tensions, de se recentrer et de retrouver un sentiment d\u2019apaisement, tant sur le plan mental que physique.<\/p> <\/div> <div class=\"schema-faq-section\" id=\"faq-question-1769354448780\"><strong class=\"schema-faq-question\"><br\/>\u2753 Pourquoi nous \u00e9crire ?<br\/><\/strong> <p class=\"schema-faq-answer\">Nous \u00e9crire peut r\u00e9pondre \u00e0 de nombreuses raisons : poser une question, partager une exp\u00e9rience, demander un conseil ou simplement exprimer un besoin. M\u00eame si votre d\u00e9marche vous semble anodine ou que vous ressentez le besoin d\u2019\u00eatre rassur\u00e9\u00b7e, n\u2019h\u00e9sitez jamais \u00e0 nous contacter. Chaque message compte et sera accueilli avec attention et bienveillance.<\/p> <\/div> <\/div>\n<\/div>\n\n\n\n<p><em>Si vous avez d&rsquo;autres questions n&rsquo;h\u00e9sitez pas \u00e0 nous \u00e9crire soit via notre adresse de courriel Contact@nouveau-souffle.ch ou directement via le formulaire <strong><a href=\"https:\/\/nouveau-souffle.ch\/contact\/\" type=\"page\" id=\"44\">ici<\/a><\/strong>.<\/em><\/p>\n\n\n\n<p><\/p>\n","protected":false},"excerpt":{"rendered":"<p>Des questions fr\u00e9quentes, vous avez la r\u00e9ponses ici! Si vous avez d&rsquo;autres questions n&rsquo;h\u00e9sitez pas \u00e0 nous \u00e9crire soit via notre adresse de courriel Contact@nouveau-souffle.ch ou directement via le formulaire ici.<\/p>\n","protected":false},"author":1,"featured_media":0,"parent":0,"menu_order":0,"comment_status":"closed","ping_status":"closed","template":"","meta":{"footnotes":""},"class_list":["post-405","page","type-page","status-publish","hentry"],"yoast_head":"<!-- This site is optimized with the Yoast SEO plugin v27.3 - https:\/\/yoast.com\/product\/yoast-seo-wordpress\/ -->\n<title>FAQ - Nouveau-souffle<\/title>\n<meta name=\"description\" content=\"Retrouvez les questions fr\u00e9quemment pos\u00e9es sur le projet et n\u2019h\u00e9sitez pas \u00e0 nous contacter pour toute autre question.\" \/>\n<meta name=\"robots\" content=\"index, follow, max-snippet:-1, max-image-preview:large, max-video-preview:-1\" \/>\n<link rel=\"canonical\" href=\"https:\/\/nouveau-souffle.ch\/fr_fr\/faq\/\" \/>\n<meta property=\"og:locale\" content=\"fr_FR\" \/>\n<meta property=\"og:type\" content=\"article\" \/>\n<meta property=\"og:title\" content=\"FAQ - Nouveau-souffle\" \/>\n<meta property=\"og:description\" content=\"Retrouvez les questions fr\u00e9quemment pos\u00e9es sur le projet et n\u2019h\u00e9sitez pas \u00e0 nous contacter pour toute autre question.\" \/>\n<meta property=\"og:url\" content=\"https:\/\/nouveau-souffle.ch\/fr_fr\/faq\/\" \/>\n<meta property=\"og:site_name\" content=\"Nouveau-souffle\" \/>\n<meta property=\"article:modified_time\" content=\"2026-01-29T10:52:10+00:00\" \/>\n<meta name=\"twitter:card\" content=\"summary_large_image\" \/>\n<meta name=\"twitter:label1\" content=\"Dur\u00e9e de lecture estim\u00e9e\" \/>\n\t<meta name=\"twitter:data1\" content=\"2 minutes\" \/>\n<script type=\"application\/ld+json\" class=\"yoast-schema-graph\">{\"@context\":\"https:\\\/\\\/schema.org\",\"@graph\":[{\"@type\":[\"WebPage\",\"FAQPage\"],\"@id\":\"https:\\\/\\\/nouveau-souffle.ch\\\/faq\\\/\",\"url\":\"https:\\\/\\\/nouveau-souffle.ch\\\/faq\\\/\",\"name\":\"FAQ - Nouveau-souffle\",\"isPartOf\":{\"@id\":\"https:\\\/\\\/nouveau-souffle.ch\\\/#website\"},\"datePublished\":\"2026-01-25T14:35:43+00:00\",\"dateModified\":\"2026-01-29T10:52:10+00:00\",\"description\":\"Retrouvez les questions fr\u00e9quemment pos\u00e9es sur le projet et n\u2019h\u00e9sitez pas \u00e0 nous contacter pour toute autre question.\",\"breadcrumb\":{\"@id\":\"https:\\\/\\\/nouveau-souffle.ch\\\/faq\\\/#breadcrumb\"},\"mainEntity\":[{\"@id\":\"https:\\\/\\\/nouveau-souffle.ch\\\/faq\\\/#faq-question-1769353995112\"},{\"@id\":\"https:\\\/\\\/nouveau-souffle.ch\\\/faq\\\/#faq-question-1769354020824\"},{\"@id\":\"https:\\\/\\\/nouveau-souffle.ch\\\/faq\\\/#faq-question-1769354200514\"},{\"@id\":\"https:\\\/\\\/nouveau-souffle.ch\\\/faq\\\/#faq-question-1769354049365\"},{\"@id\":\"https:\\\/\\\/nouveau-souffle.ch\\\/faq\\\/#faq-question-1769354448780\"}],\"inLanguage\":\"fr-FR\",\"potentialAction\":[{\"@type\":\"ReadAction\",\"target\":[\"https:\\\/\\\/nouveau-souffle.ch\\\/faq\\\/\"]}]},{\"@type\":\"BreadcrumbList\",\"@id\":\"https:\\\/\\\/nouveau-souffle.ch\\\/faq\\\/#breadcrumb\",\"itemListElement\":[{\"@type\":\"ListItem\",\"position\":1,\"name\":\"Accueil\",\"item\":\"https:\\\/\\\/nouveau-souffle.ch\\\/\"},{\"@type\":\"ListItem\",\"position\":2,\"name\":\"FAQ\"}]},{\"@type\":\"WebSite\",\"@id\":\"https:\\\/\\\/nouveau-souffle.ch\\\/#website\",\"url\":\"https:\\\/\\\/nouveau-souffle.ch\\\/\",\"name\":\"Nouveau-souffle\",\"description\":\"\",\"publisher\":{\"@id\":\"https:\\\/\\\/nouveau-souffle.ch\\\/#organization\"},\"potentialAction\":[{\"@type\":\"SearchAction\",\"target\":{\"@type\":\"EntryPoint\",\"urlTemplate\":\"https:\\\/\\\/nouveau-souffle.ch\\\/?s={search_term_string}\"},\"query-input\":{\"@type\":\"PropertyValueSpecification\",\"valueRequired\":true,\"valueName\":\"search_term_string\"}}],\"inLanguage\":\"fr-FR\"},{\"@type\":\"Organization\",\"@id\":\"https:\\\/\\\/nouveau-souffle.ch\\\/#organization\",\"name\":\"Nouveau-souffle\",\"url\":\"https:\\\/\\\/nouveau-souffle.ch\\\/\",\"logo\":{\"@type\":\"ImageObject\",\"inLanguage\":\"fr-FR\",\"@id\":\"https:\\\/\\\/nouveau-souffle.ch\\\/#\\\/schema\\\/logo\\\/image\\\/\",\"url\":\"https:\\\/\\\/nouveau-souffle.ch\\\/wp-content\\\/uploads\\\/2026\\\/04\\\/Design-sans-titre.png\",\"contentUrl\":\"https:\\\/\\\/nouveau-souffle.ch\\\/wp-content\\\/uploads\\\/2026\\\/04\\\/Design-sans-titre.png\",\"width\":512,\"height\":512,\"caption\":\"Nouveau-souffle\"},\"image\":{\"@id\":\"https:\\\/\\\/nouveau-souffle.ch\\\/#\\\/schema\\\/logo\\\/image\\\/\"}},{\"@type\":\"Question\",\"@id\":\"https:\\\/\\\/nouveau-souffle.ch\\\/faq\\\/#faq-question-1769353995112\",\"position\":1,\"url\":\"https:\\\/\\\/nouveau-souffle.ch\\\/faq\\\/#faq-question-1769353995112\",\"name\":\"\ud83e\udebbFaut-il \u00eatre sportif pour suivre Nouveau Souffle ?\",\"answerCount\":1,\"acceptedAnswer\":{\"@type\":\"Answer\",\"text\":\"Absolument pas. Nouveau Souffle s\u2019adresse \u00e0 toutes les personnes, quel que soit leur niveau. L\u2019objectif est de proposer une approche accessible du mouvement, adapt\u00e9e au rythme et aux besoins de chacun, sans pression ni performance impos\u00e9e.\",\"inLanguage\":\"fr-FR\"},\"inLanguage\":\"fr-FR\"},{\"@type\":\"Question\",\"@id\":\"https:\\\/\\\/nouveau-souffle.ch\\\/faq\\\/#faq-question-1769354020824\",\"position\":2,\"url\":\"https:\\\/\\\/nouveau-souffle.ch\\\/faq\\\/#faq-question-1769354020824\",\"name\":\"\u2b50Comment int\u00e9grer le sport dans un quotidien charg\u00e9 ?\",\"answerCount\":1,\"acceptedAnswer\":{\"@type\":\"Answer\",\"text\":\"En privil\u00e9giant des activit\u00e9s simples, flexibles et adapt\u00e9es \u00e0 son mode de vie. Marcher, respirer, bouger quelques minutes ou pratiquer une activit\u00e9 douce sont autant de moyens efficaces pour int\u00e9grer le mouvement dans le quotidien, sans contrainte.\",\"inLanguage\":\"fr-FR\"},\"inLanguage\":\"fr-FR\"},{\"@type\":\"Question\",\"@id\":\"https:\\\/\\\/nouveau-souffle.ch\\\/faq\\\/#faq-question-1769354200514\",\"position\":3,\"url\":\"https:\\\/\\\/nouveau-souffle.ch\\\/faq\\\/#faq-question-1769354200514\",\"name\":\"\ud83e\uded0Combien de temps faut-il consacrer au sport pour en ressentir les bienfaits ?\",\"answerCount\":1,\"acceptedAnswer\":{\"@type\":\"Answer\",\"text\":\"M\u00eame quelques minutes d\u2019activit\u00e9 par jour peuvent avoir un impact positif. L\u2019important n\u2019est pas la dur\u00e9e, mais la r\u00e9gularit\u00e9 et l\u2019\u00e9coute de soi. Chaque mouvement compte et participe au bien-\u00eatre global.\",\"inLanguage\":\"fr-FR\"},\"inLanguage\":\"fr-FR\"},{\"@type\":\"Question\",\"@id\":\"https:\\\/\\\/nouveau-souffle.ch\\\/faq\\\/#faq-question-1769354049365\",\"position\":4,\"url\":\"https:\\\/\\\/nouveau-souffle.ch\\\/faq\\\/#faq-question-1769354049365\",\"name\":\"\ud83c\udf1eLe sport peut-il aider \u00e0 g\u00e9rer le stress et l\u2019anxi\u00e9t\u00e9 ?\",\"answerCount\":1,\"acceptedAnswer\":{\"@type\":\"Answer\",\"text\":\"Oui, l\u2019activit\u00e9 physique est reconnue pour ses effets positifs sur la gestion du stress et de l\u2019anxi\u00e9t\u00e9. Elle permet de rel\u00e2cher les tensions, de se recentrer et de retrouver un sentiment d\u2019apaisement, tant sur le plan mental que physique.\",\"inLanguage\":\"fr-FR\"},\"inLanguage\":\"fr-FR\"},{\"@type\":\"Question\",\"@id\":\"https:\\\/\\\/nouveau-souffle.ch\\\/faq\\\/#faq-question-1769354448780\",\"position\":5,\"url\":\"https:\\\/\\\/nouveau-souffle.ch\\\/faq\\\/#faq-question-1769354448780\",\"name\":\"\u2753 Pourquoi nous \u00e9crire ?\",\"answerCount\":1,\"acceptedAnswer\":{\"@type\":\"Answer\",\"text\":\"Nous \u00e9crire peut r\u00e9pondre \u00e0 de nombreuses raisons : poser une question, partager une exp\u00e9rience, demander un conseil ou simplement exprimer un besoin. M\u00eame si votre d\u00e9marche vous semble anodine ou que vous ressentez le besoin d\u2019\u00eatre rassur\u00e9\u00b7e, n\u2019h\u00e9sitez jamais \u00e0 nous contacter. Chaque message compte et sera accueilli avec attention et bienveillance.\",\"inLanguage\":\"fr-FR\"},\"inLanguage\":\"fr-FR\"}]}<\/script>\n<!-- \/ Yoast SEO plugin. -->","yoast_head_json":{"title":"FAQ - Nouveau-souffle","description":"Retrouvez les questions fr\u00e9quemment pos\u00e9es sur le projet et n\u2019h\u00e9sitez pas \u00e0 nous contacter pour toute autre question.","robots":{"index":"index","follow":"follow","max-snippet":"max-snippet:-1","max-image-preview":"max-image-preview:large","max-video-preview":"max-video-preview:-1"},"canonical":"https:\/\/nouveau-souffle.ch\/fr_fr\/faq\/","og_locale":"fr_FR","og_type":"article","og_title":"FAQ - Nouveau-souffle","og_description":"Retrouvez les questions fr\u00e9quemment pos\u00e9es sur le projet et n\u2019h\u00e9sitez pas \u00e0 nous contacter pour toute autre question.","og_url":"https:\/\/nouveau-souffle.ch\/fr_fr\/faq\/","og_site_name":"Nouveau-souffle","article_modified_time":"2026-01-29T10:52:10+00:00","twitter_card":"summary_large_image","twitter_misc":{"Dur\u00e9e de lecture estim\u00e9e":"2 minutes"},"schema":{"@context":"https:\/\/schema.org","@graph":[{"@type":["WebPage","FAQPage"],"@id":"https:\/\/nouveau-souffle.ch\/faq\/","url":"https:\/\/nouveau-souffle.ch\/faq\/","name":"FAQ - Nouveau-souffle","isPartOf":{"@id":"https:\/\/nouveau-souffle.ch\/#website"},"datePublished":"2026-01-25T14:35:43+00:00","dateModified":"2026-01-29T10:52:10+00:00","description":"Retrouvez les questions fr\u00e9quemment pos\u00e9es sur le projet et n\u2019h\u00e9sitez pas \u00e0 nous contacter pour toute autre question.","breadcrumb":{"@id":"https:\/\/nouveau-souffle.ch\/faq\/#breadcrumb"},"mainEntity":[{"@id":"https:\/\/nouveau-souffle.ch\/faq\/#faq-question-1769353995112"},{"@id":"https:\/\/nouveau-souffle.ch\/faq\/#faq-question-1769354020824"},{"@id":"https:\/\/nouveau-souffle.ch\/faq\/#faq-question-1769354200514"},{"@id":"https:\/\/nouveau-souffle.ch\/faq\/#faq-question-1769354049365"},{"@id":"https:\/\/nouveau-souffle.ch\/faq\/#faq-question-1769354448780"}],"inLanguage":"fr-FR","potentialAction":[{"@type":"ReadAction","target":["https:\/\/nouveau-souffle.ch\/faq\/"]}]},{"@type":"BreadcrumbList","@id":"https:\/\/nouveau-souffle.ch\/faq\/#breadcrumb","itemListElement":[{"@type":"ListItem","position":1,"name":"Accueil","item":"https:\/\/nouveau-souffle.ch\/"},{"@type":"ListItem","position":2,"name":"FAQ"}]},{"@type":"WebSite","@id":"https:\/\/nouveau-souffle.ch\/#website","url":"https:\/\/nouveau-souffle.ch\/","name":"Nouveau-souffle","description":"","publisher":{"@id":"https:\/\/nouveau-souffle.ch\/#organization"},"potentialAction":[{"@type":"SearchAction","target":{"@type":"EntryPoint","urlTemplate":"https:\/\/nouveau-souffle.ch\/?s={search_term_string}"},"query-input":{"@type":"PropertyValueSpecification","valueRequired":true,"valueName":"search_term_string"}}],"inLanguage":"fr-FR"},{"@type":"Organization","@id":"https:\/\/nouveau-souffle.ch\/#organization","name":"Nouveau-souffle","url":"https:\/\/nouveau-souffle.ch\/","logo":{"@type":"ImageObject","inLanguage":"fr-FR","@id":"https:\/\/nouveau-souffle.ch\/#\/schema\/logo\/image\/","url":"https:\/\/nouveau-souffle.ch\/wp-content\/uploads\/2026\/04\/Design-sans-titre.png","contentUrl":"https:\/\/nouveau-souffle.ch\/wp-content\/uploads\/2026\/04\/Design-sans-titre.png","width":512,"height":512,"caption":"Nouveau-souffle"},"image":{"@id":"https:\/\/nouveau-souffle.ch\/#\/schema\/logo\/image\/"}},{"@type":"Question","@id":"https:\/\/nouveau-souffle.ch\/faq\/#faq-question-1769353995112","position":1,"url":"https:\/\/nouveau-souffle.ch\/faq\/#faq-question-1769353995112","name":"\ud83e\udebbFaut-il \u00eatre sportif pour suivre Nouveau Souffle ?","answerCount":1,"acceptedAnswer":{"@type":"Answer","text":"Absolument pas. Nouveau Souffle s\u2019adresse \u00e0 toutes les personnes, quel que soit leur niveau. L\u2019objectif est de proposer une approche accessible du mouvement, adapt\u00e9e au rythme et aux besoins de chacun, sans pression ni performance impos\u00e9e.","inLanguage":"fr-FR"},"inLanguage":"fr-FR"},{"@type":"Question","@id":"https:\/\/nouveau-souffle.ch\/faq\/#faq-question-1769354020824","position":2,"url":"https:\/\/nouveau-souffle.ch\/faq\/#faq-question-1769354020824","name":"\u2b50Comment int\u00e9grer le sport dans un quotidien charg\u00e9 ?","answerCount":1,"acceptedAnswer":{"@type":"Answer","text":"En privil\u00e9giant des activit\u00e9s simples, flexibles et adapt\u00e9es \u00e0 son mode de vie. Marcher, respirer, bouger quelques minutes ou pratiquer une activit\u00e9 douce sont autant de moyens efficaces pour int\u00e9grer le mouvement dans le quotidien, sans contrainte.","inLanguage":"fr-FR"},"inLanguage":"fr-FR"},{"@type":"Question","@id":"https:\/\/nouveau-souffle.ch\/faq\/#faq-question-1769354200514","position":3,"url":"https:\/\/nouveau-souffle.ch\/faq\/#faq-question-1769354200514","name":"\ud83e\uded0Combien de temps faut-il consacrer au sport pour en ressentir les bienfaits ?","answerCount":1,"acceptedAnswer":{"@type":"Answer","text":"M\u00eame quelques minutes d\u2019activit\u00e9 par jour peuvent avoir un impact positif. L\u2019important n\u2019est pas la dur\u00e9e, mais la r\u00e9gularit\u00e9 et l\u2019\u00e9coute de soi. Chaque mouvement compte et participe au bien-\u00eatre global.","inLanguage":"fr-FR"},"inLanguage":"fr-FR"},{"@type":"Question","@id":"https:\/\/nouveau-souffle.ch\/faq\/#faq-question-1769354049365","position":4,"url":"https:\/\/nouveau-souffle.ch\/faq\/#faq-question-1769354049365","name":"\ud83c\udf1eLe sport peut-il aider \u00e0 g\u00e9rer le stress et l\u2019anxi\u00e9t\u00e9 ?","answerCount":1,"acceptedAnswer":{"@type":"Answer","text":"Oui, l\u2019activit\u00e9 physique est reconnue pour ses effets positifs sur la gestion du stress et de l\u2019anxi\u00e9t\u00e9. Elle permet de rel\u00e2cher les tensions, de se recentrer et de retrouver un sentiment d\u2019apaisement, tant sur le plan mental que physique.","inLanguage":"fr-FR"},"inLanguage":"fr-FR"},{"@type":"Question","@id":"https:\/\/nouveau-souffle.ch\/faq\/#faq-question-1769354448780","position":5,"url":"https:\/\/nouveau-souffle.ch\/faq\/#faq-question-1769354448780","name":"\u2753 Pourquoi nous \u00e9crire ?","answerCount":1,"acceptedAnswer":{"@type":"Answer","text":"Nous \u00e9crire peut r\u00e9pondre \u00e0 de nombreuses raisons : poser une question, partager une exp\u00e9rience, demander un conseil ou simplement exprimer un besoin. M\u00eame si votre d\u00e9marche vous semble anodine ou que vous ressentez le besoin d\u2019\u00eatre rassur\u00e9\u00b7e, n\u2019h\u00e9sitez jamais \u00e0 nous contacter. Chaque message compte et sera accueilli avec attention et bienveillance.","inLanguage":"fr-FR"},"inLanguage":"fr-FR"}]}},"_links":{"self":[{"href":"https:\/\/nouveau-souffle.ch\/fr_fr\/wp-json\/wp\/v2\/pages\/405","targetHints":{"allow":["GET"]}}],"collection":[{"href":"https:\/\/nouveau-souffle.ch\/fr_fr\/wp-json\/wp\/v2\/pages"}],"about":[{"href":"https:\/\/nouveau-souffle.ch\/fr_fr\/wp-json\/wp\/v2\/types\/page"}],"author":[{"embeddable":true,"href":"https:\/\/nouveau-souffle.ch\/fr_fr\/wp-json\/wp\/v2\/users\/1"}],"replies":[{"embeddable":true,"href":"https:\/\/nouveau-souffle.ch\/fr_fr\/wp-json\/wp\/v2\/comments?post=405"}],"version-history":[{"count":19,"href":"https:\/\/nouveau-souffle.ch\/fr_fr\/wp-json\/wp\/v2\/pages\/405\/revisions"}],"predecessor-version":[{"id":788,"href":"https:\/\/nouveau-souffle.ch\/fr_fr\/wp-json\/wp\/v2\/pages\/405\/revisions\/788"}],"wp:attachment":[{"href":"https:\/\/nouveau-souffle.ch\/fr_fr\/wp-json\/wp\/v2\/media?parent=405"}],"curies":[{"name":"wp","href":"https:\/\/api.w.org\/{rel}","templated":true}]}}