{"id":42,"date":"2025-12-23T09:19:29","date_gmt":"2025-12-23T09:19:29","guid":{"rendered":"https:\/\/nouveau-souffle.ch\/?page_id=42"},"modified":"2026-01-29T17:43:20","modified_gmt":"2026-01-29T17:43:20","slug":"services","status":"publish","type":"page","link":"https:\/\/nouveau-souffle.ch\/en\/services\/","title":{"rendered":"Remise en forme"},"content":{"rendered":"<div class=\"wp-block-group alignfull is-style-header-fixed has-global-padding is-layout-constrained wp-block-group-is-layout-constrained\">\n<div class=\"wp-block-group alignwide is-vertical is-content-justification-center is-layout-flex wp-container-core-group-is-layout-b6c1f246 wp-block-group-is-layout-flex\" style=\"min-height:8rem\">\n<div class=\"wp-block-group has-global-padding is-layout-constrained wp-container-core-group-is-layout-bea02a06 wp-block-group-is-layout-constrained\">\n<h2 class=\"wp-block-heading alignwide has-text-align-center\">Remise en forme<\/h2>\n\n\n\n<h3 class=\"wp-block-heading has-text-align-center\">La o\u00f9 tout commence!<\/h3>\n\n\n\n<div style=\"height:33px\" aria-hidden=\"true\" class=\"wp-block-spacer\"><\/div>\n<\/div>\n<\/div>\n<\/div>\n\n\n\n<figure class=\"wp-block-image aligncenter size-large is-resized has-custom-border\"><img loading=\"lazy\" decoding=\"async\" width=\"819\" height=\"1024\" src=\"https:\/\/nouveau-souffle.ch\/wp-content\/uploads\/2026\/01\/proverbe_Lao_Tzu-819x1024.webp\" alt=\"Proverbe de Lao Tzu: The journey of a thousand miles begins with a single step\" class=\"wp-image-503\" style=\"border-top-left-radius:40px;border-top-right-radius:40px;border-bottom-left-radius:40px;border-bottom-right-radius:40px;aspect-ratio:0.7998138370921964;width:344px;height:auto\" srcset=\"https:\/\/nouveau-souffle.ch\/wp-content\/uploads\/2026\/01\/proverbe_Lao_Tzu-819x1024.webp 819w, https:\/\/nouveau-souffle.ch\/wp-content\/uploads\/2026\/01\/proverbe_Lao_Tzu-240x300.webp 240w, https:\/\/nouveau-souffle.ch\/wp-content\/uploads\/2026\/01\/proverbe_Lao_Tzu-768x960.webp 768w, https:\/\/nouveau-souffle.ch\/wp-content\/uploads\/2026\/01\/proverbe_Lao_Tzu-1229x1536.webp 1229w, https:\/\/nouveau-souffle.ch\/wp-content\/uploads\/2026\/01\/proverbe_Lao_Tzu-1638x2048.webp 1638w, https:\/\/nouveau-souffle.ch\/wp-content\/uploads\/2026\/01\/proverbe_Lao_Tzu-scaled.webp 2048w\" sizes=\"auto, (max-width: 819px) 100vw, 819px\" \/><\/figure>\n\n\n\n<div style=\"height:33px\" aria-hidden=\"true\" class=\"wp-block-spacer\"><\/div>\n\n\n\n<h2 class=\"wp-block-heading has-text-align-center\" style=\"padding-right:0;padding-left:0\">Challenges<\/h2>\n\n\n\n<div style=\"height:33px\" aria-hidden=\"true\" class=\"wp-block-spacer\"><\/div>\n\n\n\n<p class=\"has-text-align-left\" style=\"padding-right:0;padding-left:0;font-size:clamp(14px, 0.875rem + ((1vw - 3.2px) * 0.37), 18px);\">Cette page propose des challenges simples et accessibles, pens\u00e9s pour s\u2019int\u00e9grer dans le quotidien. L\u2019objectif n\u2019est pas la performance, mais la r\u00e9gularit\u00e9, l\u2019\u00e9coute de soi et le plaisir de bouger. <\/p>\n\n\n\n<div class=\"wp-block-group alignfull has-global-padding is-layout-constrained wp-container-core-group-is-layout-1257c590 wp-block-group-is-layout-constrained\" style=\"margin-top:0;margin-bottom:0;padding-top:5.51rem;padding-right:1rem;padding-bottom:3rem;padding-left:1rem\">\n<div class=\"wp-block-group alignwide has-global-padding is-layout-constrained wp-block-group-is-layout-constrained\" style=\"padding-bottom:1rem\">\n<h2 class=\"wp-block-heading has-text-align-center\">C&rsquo;est parti!<\/h2>\n<\/div>\n\n\n\n<div class=\"wp-block-group alignwide has-global-padding is-layout-constrained wp-container-core-group-is-layout-1cf432e6 wp-block-group-is-layout-constrained\" style=\"margin-top:1.01rem\">\n<div class=\"wp-block-columns alignwide is-layout-flex wp-container-core-columns-is-layout-85231905 wp-block-columns-is-layout-flex\">\n<div class=\"wp-block-column has-global-padding is-content-justification-center is-layout-constrained wp-container-core-column-is-layout-412b4476 wp-block-column-is-layout-constrained\" style=\"padding-bottom:2rem\">\n<div class=\"wp-block-group has-global-padding is-layout-constrained wp-container-core-group-is-layout-668d2085 wp-block-group-is-layout-constrained\">\n<figure class=\"wp-block-image aligncenter size-full is-resized has-custom-border\"><img loading=\"lazy\" decoding=\"async\" width=\"2560\" height=\"2560\" src=\"https:\/\/nouveau-souffle.ch\/wp-content\/uploads\/2026\/01\/emma-simpson-mNGaaLeWEp0-unsplash-scaled.webp\" alt=\"\" class=\"wp-image-554\" style=\"border-top-left-radius:40px;border-top-right-radius:40px;border-bottom-left-radius:40px;border-bottom-right-radius:40px;width:290px\" srcset=\"https:\/\/nouveau-souffle.ch\/wp-content\/uploads\/2026\/01\/emma-simpson-mNGaaLeWEp0-unsplash-scaled.webp 2560w, https:\/\/nouveau-souffle.ch\/wp-content\/uploads\/2026\/01\/emma-simpson-mNGaaLeWEp0-unsplash-300x300.webp 300w, https:\/\/nouveau-souffle.ch\/wp-content\/uploads\/2026\/01\/emma-simpson-mNGaaLeWEp0-unsplash-1024x1024.webp 1024w, https:\/\/nouveau-souffle.ch\/wp-content\/uploads\/2026\/01\/emma-simpson-mNGaaLeWEp0-unsplash-150x150.webp 150w, https:\/\/nouveau-souffle.ch\/wp-content\/uploads\/2026\/01\/emma-simpson-mNGaaLeWEp0-unsplash-768x768.webp 768w, https:\/\/nouveau-souffle.ch\/wp-content\/uploads\/2026\/01\/emma-simpson-mNGaaLeWEp0-unsplash-1536x1536.webp 1536w, https:\/\/nouveau-souffle.ch\/wp-content\/uploads\/2026\/01\/emma-simpson-mNGaaLeWEp0-unsplash-2048x2048.webp 2048w\" sizes=\"auto, (max-width: 2560px) 100vw, 2560px\" \/><\/figure>\n\n\n\n<h5 class=\"wp-block-heading\">15 minutes of running or walking.<\/h5>\n<\/div>\n\n\n\n<div class=\"wp-block-group has-global-padding is-layout-constrained wp-container-core-group-is-layout-4f9f0532 wp-block-group-is-layout-constrained\">\n<p>Ce challenge consiste \u00e0 consacrer <strong>15 minutes<\/strong> \u00e0 une activit\u00e9 simple comme la marche ou la course. Il n\u2019est pas n\u00e9cessaire d\u2019aller vite ni loin : l\u2019essentiel est de sortir, de respirer et de relancer le mouvement.<\/p>\n<\/div>\n\n\n\n<h6 class=\"wp-block-heading\">Conseils<\/h6>\n\n\n\n<ul class=\"wp-block-list\">\n<li>Choisir un rythme confortable<\/li>\n\n\n\n<li>Privil\u00e9gier un environnement agr\u00e9able et apaisant<\/li>\n\n\n\n<li style=\"padding-top:0;padding-bottom:0\">Se concentrer sur la respiration et les sensations<\/li>\n<\/ul>\n<\/div>\n\n\n\n<div class=\"wp-block-column has-global-padding is-layout-constrained wp-container-core-column-is-layout-a3af4fe5 wp-block-column-is-layout-constrained\" style=\"padding-bottom:2rem\">\n<div class=\"wp-block-group has-global-padding is-layout-constrained wp-container-core-group-is-layout-668d2085 wp-block-group-is-layout-constrained\">\n<figure class=\"wp-block-image aligncenter size-full is-resized has-custom-border\"><img loading=\"lazy\" decoding=\"async\" width=\"2560\" height=\"2560\" src=\"https:\/\/nouveau-souffle.ch\/wp-content\/uploads\/2026\/01\/zen-bear-yoga-IVf7hm88zxY-unsplash-scaled.webp\" alt=\"\" class=\"wp-image-555\" style=\"border-top-left-radius:40px;border-top-right-radius:40px;border-bottom-left-radius:40px;border-bottom-right-radius:40px;width:290px\" srcset=\"https:\/\/nouveau-souffle.ch\/wp-content\/uploads\/2026\/01\/zen-bear-yoga-IVf7hm88zxY-unsplash-scaled.webp 2560w, https:\/\/nouveau-souffle.ch\/wp-content\/uploads\/2026\/01\/zen-bear-yoga-IVf7hm88zxY-unsplash-300x300.webp 300w, https:\/\/nouveau-souffle.ch\/wp-content\/uploads\/2026\/01\/zen-bear-yoga-IVf7hm88zxY-unsplash-1024x1024.webp 1024w, https:\/\/nouveau-souffle.ch\/wp-content\/uploads\/2026\/01\/zen-bear-yoga-IVf7hm88zxY-unsplash-150x150.webp 150w, https:\/\/nouveau-souffle.ch\/wp-content\/uploads\/2026\/01\/zen-bear-yoga-IVf7hm88zxY-unsplash-768x768.webp 768w, https:\/\/nouveau-souffle.ch\/wp-content\/uploads\/2026\/01\/zen-bear-yoga-IVf7hm88zxY-unsplash-1536x1536.webp 1536w, https:\/\/nouveau-souffle.ch\/wp-content\/uploads\/2026\/01\/zen-bear-yoga-IVf7hm88zxY-unsplash-2048x2048.webp 2048w\" sizes=\"auto, (max-width: 2560px) 100vw, 2560px\" \/><\/figure>\n\n\n\n<h5 class=\"wp-block-heading\">15 minutes of strength training<\/h5>\n<\/div>\n\n\n\n<div class=\"wp-block-group has-global-padding is-layout-constrained wp-container-core-group-is-layout-4f9f0532 wp-block-group-is-layout-constrained\">\n<p>Ce challenge propose <strong>15 minutes de renforcement musculaire<\/strong>, sans mat\u00e9riel. Les exercices peuvent \u00eatre r\u00e9alis\u00e9s \u00e0 la maison et en utilisant uniquement le poids du corps.<\/p>\n\n\n\n<h6 class=\"wp-block-heading\">Exemples <\/h6>\n\n\n\n<ul class=\"wp-block-list\">\n<li>Squats<\/li>\n\n\n\n<li>Gainage<\/li>\n\n\n\n<li>Fentes<\/li>\n\n\n\n<li>Exercices pour le dos et les bras<\/li>\n<\/ul>\n\n\n\n<h6 class=\"wp-block-heading\">Conseils<\/h6>\n\n\n\n<ul class=\"wp-block-list\">\n<li>Adapter les exercices \u00e0 son niveau<\/li>\n\n\n\n<li>Faire des pauses si n\u00e9cessaire<\/li>\n\n\n\n<li>Qualit\u00e9 avant quantit\u00e9<\/li>\n<\/ul>\n<\/div>\n<\/div>\n\n\n\n<div class=\"wp-block-column has-global-padding is-content-justification-center is-layout-constrained wp-container-core-column-is-layout-412b4476 wp-block-column-is-layout-constrained\" style=\"padding-bottom:2rem\">\n<div class=\"wp-block-group has-global-padding is-layout-constrained wp-container-core-group-is-layout-668d2085 wp-block-group-is-layout-constrained\">\n<figure class=\"wp-block-image aligncenter size-full is-resized has-custom-border\"><img loading=\"lazy\" decoding=\"async\" width=\"2560\" height=\"2560\" src=\"https:\/\/nouveau-souffle.ch\/wp-content\/uploads\/2026\/01\/alex-block-dqt_nCUrH5A-unsplash-scaled.jpg\" alt=\"\" class=\"wp-image-556\" style=\"border-top-left-radius:40px;border-top-right-radius:40px;border-bottom-left-radius:40px;border-bottom-right-radius:40px;width:290px\" srcset=\"https:\/\/nouveau-souffle.ch\/wp-content\/uploads\/2026\/01\/alex-block-dqt_nCUrH5A-unsplash-scaled.jpg 2560w, https:\/\/nouveau-souffle.ch\/wp-content\/uploads\/2026\/01\/alex-block-dqt_nCUrH5A-unsplash-300x300.jpg 300w, https:\/\/nouveau-souffle.ch\/wp-content\/uploads\/2026\/01\/alex-block-dqt_nCUrH5A-unsplash-1024x1024.jpg 1024w, https:\/\/nouveau-souffle.ch\/wp-content\/uploads\/2026\/01\/alex-block-dqt_nCUrH5A-unsplash-150x150.jpg 150w, https:\/\/nouveau-souffle.ch\/wp-content\/uploads\/2026\/01\/alex-block-dqt_nCUrH5A-unsplash-768x768.jpg 768w, https:\/\/nouveau-souffle.ch\/wp-content\/uploads\/2026\/01\/alex-block-dqt_nCUrH5A-unsplash-1536x1536.jpg 1536w, https:\/\/nouveau-souffle.ch\/wp-content\/uploads\/2026\/01\/alex-block-dqt_nCUrH5A-unsplash-2048x2048.jpg 2048w\" sizes=\"auto, (max-width: 2560px) 100vw, 2560px\" \/><\/figure>\n\n\n\n<h5 class=\"wp-block-heading\">10 minutes to unwind<\/h5>\n<\/div>\n\n\n\n<div class=\"wp-block-group has-global-padding is-layout-constrained wp-container-core-group-is-layout-4f9f0532 wp-block-group-is-layout-constrained\">\n<p>Ce challenge invite \u00e0 prendre <strong>10 minutes pour ralentir<\/strong>, \u00e0 travers des \u00e9tirements doux et des exercices de respiration ou simplement un moment de calme.<\/p>\n\n\n\n<h6 class=\"wp-block-heading\">Exemples<\/h6>\n\n\n\n<ul class=\"wp-block-list\">\n<li>\u00c9tirements l\u00e9gers<\/li>\n\n\n\n<li>Respiration profonde<\/li>\n\n\n\n<li>Moment de silence ou de relaxation<\/li>\n<\/ul>\n<\/div>\n<\/div>\n<\/div>\n<\/div>\n<\/div>\n\n\n\n<div style=\"height:33px\" aria-hidden=\"true\" class=\"wp-block-spacer\"><\/div>\n\n\n\n<h3 class=\"wp-block-heading has-text-align-center\">Votre avis compte pour nous!<\/h3>\n\n\n<div class=\"forminator-ui forminator-custom-form forminator-custom-form-532 forminator-design--default  forminator_ajax\" data-forminator-render=\"0\" data-form=\"forminator-module-532\" data-uid=\"69e22c22307f7\"><br\/><\/div><form\n\t\t\t\tid=\"forminator-module-532\"\n\t\t\t\tclass=\"forminator-ui forminator-custom-form forminator-custom-form-532 forminator-design--default  forminator_ajax\"\n\t\t\t\tmethod=\"post\"\n\t\t\t\tdata-forminator-render=\"0\"\n\t\t\t\tdata-form-id=\"532\"\n\t\t\t\t data-color-option=\"theme\" data-design=\"default\" data-grid=\"open\" style=\"display: none;\"\n\t\t\t\tdata-uid=\"69e22c22307f7\" action=\"\"\n\t\t\t><div role=\"alert\" aria-live=\"polite\" class=\"forminator-response-message forminator-error\" aria-hidden=\"true\"><\/div><div class=\"forminator-row\"><div id=\"name-1\" class=\"forminator-field-name forminator-col forminator-col-12\"><div class=\"forminator-field\"><label for=\"forminator-field-name-1_69e22c22307f7\" id=\"forminator-field-name-1_69e22c22307f7-label\" class=\"forminator-label\">Nom &amp; pr\u00e9nom<\/label><span id=\"forminator-field-name-1_69e22c22307f7-description\" class=\"forminator-description\">Vous avez le choix de rester anonyme:)<\/span><input type=\"text\" name=\"name-1\" value=\"\" placeholder=\"nom, pr\u00e9nom\" id=\"forminator-field-name-1_69e22c22307f7\" class=\"forminator-input forminator-name--field\" aria-required=\"false\" autocomplete=\"name\" aria-describedby=\"forminator-field-name-1_69e22c22307f7-description\" \/><\/div><\/div><\/div><div class=\"forminator-row\"><div id=\"date-1\" class=\"forminator-field-date forminator-col forminator-col-12\"><div class=\"forminator-field\"><label for=\"forminator-field-date-1-picker_69e22c22307f7\" id=\"forminator-field-date-1-picker_69e22c22307f7-label\" class=\"forminator-label\">Date<\/label><span id=\"forminator-field-date-1-picker_69e22c22307f7-description\" class=\"forminator-description\">Les challenges de quelle date avez vous fait?<\/span><div class=\"forminator-input-with-icon\"><span class=\"forminator-icon-calendar\" aria-hidden=\"true\"><\/span><input autocomplete=\"off\" type=\"text\" size=\"1\" name=\"date-1\" value=\"\" placeholder=\"Choisissez une date\" id=\"forminator-field-date-1-picker_69e22c22307f7\" class=\"forminator-input forminator-datepicker\" data-required=\"\" data-format=\"mm\/dd\/yy\" data-restrict-type=\"\" data-restrict=\"\" data-start-year=\"1926\" data-end-year=\"2126\" data-past-dates=\"enable\" data-start-of-week=\"1\" data-start-date=\"\" data-end-date=\"\" data-start-field=\"\" data-end-field=\"\" data-start-offset=\"\" data-end-offset=\"\" data-disable-date=\"\" data-disable-range=\"\" aria-describedby=\"forminator-field-date-1-picker_69e22c22307f7-description\" \/><\/div><\/div><\/div><\/div><div class=\"forminator-row\"><div id=\"rating-1\" class=\"forminator-field-rating forminator-col forminator-col-12\"><div class=\"forminator-field\"><label for=\"forminator-field-rating-1_69e22c22307f7\" id=\"forminator-field-rating-1_69e22c22307f7-label\" class=\"forminator-label\">Rating <span class=\"forminator-required\">*<\/span><\/label><span id=\"forminator-field-rating-1_69e22c22307f7-description\" class=\"forminator-description\">Comment avez-vous trouv\u00e9 les challenges cette semaine?<\/span><select name=\"rating-1\" id=\"forminator-field-rating-1_69e22c22307f7\" class=\"forminator-rating\" aria-errormessage=\"forminator-field-rating-1_69e22c22307f7-error\" data-type=\"star\" data-size=\"md\" data-suffix=\"true\" aria-describedby=\"forminator-field-rating-1_69e22c22307f7-description\" aria-labelledby=\"forminator-field-rating-1_69e22c22307f7-label\" data-default-value=\"0\"><option value=\"0\" selected=\"selected\" disabled>0<\/option><option value=\"1\" >1<\/option><option value=\"2\" >2<\/option><option value=\"3\" >3<\/option><option value=\"4\" >4<\/option><option value=\"5\" >5<\/option><\/select><\/div><\/div><\/div><div class=\"forminator-row\"><div id=\"textarea-1\" class=\"forminator-field-textarea forminator-col forminator-col-12\"><div class=\"forminator-field\"><label for=\"forminator-field-textarea-1_69e22c22307f7\" id=\"forminator-field-textarea-1_69e22c22307f7-label\" class=\"forminator-label\">Donnez-nous votre avis pour qu&#039;on puisse s&#039;am\u00e9liorer!<\/label><textarea name=\"textarea-1\" placeholder=\"\u00e9crire...\" id=\"forminator-field-textarea-1_69e22c22307f7\" class=\"forminator-textarea\" rows=\"6\" style=\"min-height:140px;\" ><\/textarea><\/div><\/div><\/div><input type=\"hidden\" name=\"referer_url\" value=\"\" \/><div class=\"forminator-row forminator-row-last\"><div class=\"forminator-col\"><div class=\"forminator-field\"><button class=\"forminator-button forminator-button-submit\">Envoyer<\/button><\/div><\/div><\/div><input type=\"hidden\" id=\"forminator_nonce\" name=\"forminator_nonce\" value=\"29048ba2e0\" \/><input type=\"hidden\" name=\"_wp_http_referer\" value=\"\/en\/wp-json\/wp\/v2\/pages\/42\" \/><input type=\"hidden\" name=\"form_id\" value=\"532\"><input type=\"hidden\" name=\"page_id\" value=\"42\"><input type=\"hidden\" name=\"form_type\" value=\"default\"><input type=\"hidden\" name=\"current_url\" value=\"https:\/\/nouveau-souffle.ch\/en\/services\/\"><input type=\"hidden\" name=\"render_id\" value=\"0\"><input type=\"hidden\" name=\"action\" value=\"forminator_submit_form_custom-forms\"><input type=\"hidden\" name=\"trp-form-language\" value=\"en\"\/><\/form>\n\n\n\n<p><\/p>","protected":false},"excerpt":{"rendered":"<p>Remise en forme La o\u00f9 tout commence! Challenges Cette page propose des challenges simples et accessibles, pens\u00e9s pour s\u2019int\u00e9grer dans le quotidien. L\u2019objectif n\u2019est pas la performance, mais la r\u00e9gularit\u00e9, l\u2019\u00e9coute de soi et le plaisir de bouger. C&rsquo;est parti! 15 minutes de course ou marche Ce challenge consiste \u00e0 consacrer 15 minutes \u00e0 une [&hellip;]<\/p>\n","protected":false},"author":1,"featured_media":0,"parent":0,"menu_order":0,"comment_status":"closed","ping_status":"closed","template":"","meta":{"footnotes":""},"class_list":["post-42","page","type-page","status-publish","hentry"],"yoast_head":"<!-- This site is optimized with the Yoast SEO plugin v27.3 - https:\/\/yoast.com\/product\/yoast-seo-wordpress\/ -->\n<title>Remise en forme - Nouveau-souffle<\/title>\n<meta name=\"description\" content=\"La remise en forme commence par de petits exercices accessibles, pens\u00e9s pour favoriser des \u00e9volutions durables et s\u2019int\u00e9grer au quotidien.\" \/>\n<meta name=\"robots\" content=\"index, follow, max-snippet:-1, max-image-preview:large, max-video-preview:-1\" \/>\n<link rel=\"canonical\" href=\"https:\/\/nouveau-souffle.ch\/en\/services\/\" \/>\n<meta property=\"og:locale\" content=\"en_GB\" \/>\n<meta property=\"og:type\" content=\"article\" \/>\n<meta property=\"og:title\" content=\"Remise en forme - Nouveau-souffle\" \/>\n<meta property=\"og:description\" content=\"La remise en forme commence par de petits exercices accessibles, pens\u00e9s pour favoriser des \u00e9volutions durables et s\u2019int\u00e9grer au quotidien.\" \/>\n<meta property=\"og:url\" content=\"https:\/\/nouveau-souffle.ch\/en\/services\/\" \/>\n<meta property=\"og:site_name\" content=\"Nouveau-souffle\" \/>\n<meta property=\"article:modified_time\" content=\"2026-01-29T17:43:20+00:00\" \/>\n<meta property=\"og:image\" content=\"https:\/\/nouveau-souffle.ch\/wp-content\/uploads\/2026\/01\/proverbe_Lao_Tzu-scaled.webp\" \/>\n\t<meta property=\"og:image:width\" content=\"2048\" \/>\n\t<meta property=\"og:image:height\" content=\"2560\" \/>\n\t<meta property=\"og:image:type\" content=\"image\/webp\" \/>\n<meta name=\"twitter:card\" content=\"summary_large_image\" \/>\n<meta name=\"twitter:label1\" content=\"Estimated reading time\" \/>\n\t<meta name=\"twitter:data1\" content=\"2 minutes\" \/>\n<script type=\"application\/ld+json\" class=\"yoast-schema-graph\">{\"@context\":\"https:\\\/\\\/schema.org\",\"@graph\":[{\"@type\":\"WebPage\",\"@id\":\"https:\\\/\\\/nouveau-souffle.ch\\\/services\\\/\",\"url\":\"https:\\\/\\\/nouveau-souffle.ch\\\/services\\\/\",\"name\":\"Remise en forme - Nouveau-souffle\",\"isPartOf\":{\"@id\":\"https:\\\/\\\/nouveau-souffle.ch\\\/#website\"},\"primaryImageOfPage\":{\"@id\":\"https:\\\/\\\/nouveau-souffle.ch\\\/services\\\/#primaryimage\"},\"image\":{\"@id\":\"https:\\\/\\\/nouveau-souffle.ch\\\/services\\\/#primaryimage\"},\"thumbnailUrl\":\"https:\\\/\\\/nouveau-souffle.ch\\\/wp-content\\\/uploads\\\/2026\\\/01\\\/proverbe_Lao_Tzu-819x1024.webp\",\"datePublished\":\"2025-12-23T09:19:29+00:00\",\"dateModified\":\"2026-01-29T17:43:20+00:00\",\"description\":\"La remise en forme commence par de petits exercices accessibles, pens\u00e9s pour favoriser des \u00e9volutions durables et s\u2019int\u00e9grer au quotidien.\",\"breadcrumb\":{\"@id\":\"https:\\\/\\\/nouveau-souffle.ch\\\/services\\\/#breadcrumb\"},\"inLanguage\":\"en-GB\",\"potentialAction\":[{\"@type\":\"ReadAction\",\"target\":[\"https:\\\/\\\/nouveau-souffle.ch\\\/services\\\/\"]}]},{\"@type\":\"ImageObject\",\"inLanguage\":\"en-GB\",\"@id\":\"https:\\\/\\\/nouveau-souffle.ch\\\/services\\\/#primaryimage\",\"url\":\"https:\\\/\\\/nouveau-souffle.ch\\\/wp-content\\\/uploads\\\/2026\\\/01\\\/proverbe_Lao_Tzu-819x1024.webp\",\"contentUrl\":\"https:\\\/\\\/nouveau-souffle.ch\\\/wp-content\\\/uploads\\\/2026\\\/01\\\/proverbe_Lao_Tzu-819x1024.webp\"},{\"@type\":\"BreadcrumbList\",\"@id\":\"https:\\\/\\\/nouveau-souffle.ch\\\/services\\\/#breadcrumb\",\"itemListElement\":[{\"@type\":\"ListItem\",\"position\":1,\"name\":\"Accueil\",\"item\":\"https:\\\/\\\/nouveau-souffle.ch\\\/\"},{\"@type\":\"ListItem\",\"position\":2,\"name\":\"Remise en forme\"}]},{\"@type\":\"WebSite\",\"@id\":\"https:\\\/\\\/nouveau-souffle.ch\\\/#website\",\"url\":\"https:\\\/\\\/nouveau-souffle.ch\\\/\",\"name\":\"Nouveau-souffle\",\"description\":\"\",\"publisher\":{\"@id\":\"https:\\\/\\\/nouveau-souffle.ch\\\/#organization\"},\"potentialAction\":[{\"@type\":\"SearchAction\",\"target\":{\"@type\":\"EntryPoint\",\"urlTemplate\":\"https:\\\/\\\/nouveau-souffle.ch\\\/?s={search_term_string}\"},\"query-input\":{\"@type\":\"PropertyValueSpecification\",\"valueRequired\":true,\"valueName\":\"search_term_string\"}}],\"inLanguage\":\"en-GB\"},{\"@type\":\"Organization\",\"@id\":\"https:\\\/\\\/nouveau-souffle.ch\\\/#organization\",\"name\":\"Nouveau-souffle\",\"url\":\"https:\\\/\\\/nouveau-souffle.ch\\\/\",\"logo\":{\"@type\":\"ImageObject\",\"inLanguage\":\"en-GB\",\"@id\":\"https:\\\/\\\/nouveau-souffle.ch\\\/#\\\/schema\\\/logo\\\/image\\\/\",\"url\":\"https:\\\/\\\/nouveau-souffle.ch\\\/wp-content\\\/uploads\\\/2026\\\/04\\\/Design-sans-titre.png\",\"contentUrl\":\"https:\\\/\\\/nouveau-souffle.ch\\\/wp-content\\\/uploads\\\/2026\\\/04\\\/Design-sans-titre.png\",\"width\":512,\"height\":512,\"caption\":\"Nouveau-souffle\"},\"image\":{\"@id\":\"https:\\\/\\\/nouveau-souffle.ch\\\/#\\\/schema\\\/logo\\\/image\\\/\"}}]}<\/script>\n<!-- \/ Yoast SEO plugin. -->","yoast_head_json":{"title":"Remise en forme - Nouveau-souffle","description":"La remise en forme commence par de petits exercices accessibles, pens\u00e9s pour favoriser des \u00e9volutions durables et s\u2019int\u00e9grer au quotidien.","robots":{"index":"index","follow":"follow","max-snippet":"max-snippet:-1","max-image-preview":"max-image-preview:large","max-video-preview":"max-video-preview:-1"},"canonical":"https:\/\/nouveau-souffle.ch\/en\/services\/","og_locale":"en_GB","og_type":"article","og_title":"Remise en forme - Nouveau-souffle","og_description":"La remise en forme commence par de petits exercices accessibles, pens\u00e9s pour favoriser des \u00e9volutions durables et s\u2019int\u00e9grer au quotidien.","og_url":"https:\/\/nouveau-souffle.ch\/en\/services\/","og_site_name":"Nouveau-souffle","article_modified_time":"2026-01-29T17:43:20+00:00","og_image":[{"width":2048,"height":2560,"url":"https:\/\/nouveau-souffle.ch\/wp-content\/uploads\/2026\/01\/proverbe_Lao_Tzu-scaled.webp","type":"image\/webp"}],"twitter_card":"summary_large_image","twitter_misc":{"Estimated reading time":"2 minutes"},"schema":{"@context":"https:\/\/schema.org","@graph":[{"@type":"WebPage","@id":"https:\/\/nouveau-souffle.ch\/services\/","url":"https:\/\/nouveau-souffle.ch\/services\/","name":"Remise en forme - Nouveau-souffle","isPartOf":{"@id":"https:\/\/nouveau-souffle.ch\/#website"},"primaryImageOfPage":{"@id":"https:\/\/nouveau-souffle.ch\/services\/#primaryimage"},"image":{"@id":"https:\/\/nouveau-souffle.ch\/services\/#primaryimage"},"thumbnailUrl":"https:\/\/nouveau-souffle.ch\/wp-content\/uploads\/2026\/01\/proverbe_Lao_Tzu-819x1024.webp","datePublished":"2025-12-23T09:19:29+00:00","dateModified":"2026-01-29T17:43:20+00:00","description":"La remise en forme commence par de petits exercices accessibles, pens\u00e9s pour favoriser des \u00e9volutions durables et s\u2019int\u00e9grer au quotidien.","breadcrumb":{"@id":"https:\/\/nouveau-souffle.ch\/services\/#breadcrumb"},"inLanguage":"en-GB","potentialAction":[{"@type":"ReadAction","target":["https:\/\/nouveau-souffle.ch\/services\/"]}]},{"@type":"ImageObject","inLanguage":"en-GB","@id":"https:\/\/nouveau-souffle.ch\/services\/#primaryimage","url":"https:\/\/nouveau-souffle.ch\/wp-content\/uploads\/2026\/01\/proverbe_Lao_Tzu-819x1024.webp","contentUrl":"https:\/\/nouveau-souffle.ch\/wp-content\/uploads\/2026\/01\/proverbe_Lao_Tzu-819x1024.webp"},{"@type":"BreadcrumbList","@id":"https:\/\/nouveau-souffle.ch\/services\/#breadcrumb","itemListElement":[{"@type":"ListItem","position":1,"name":"Accueil","item":"https:\/\/nouveau-souffle.ch\/"},{"@type":"ListItem","position":2,"name":"Remise en forme"}]},{"@type":"WebSite","@id":"https:\/\/nouveau-souffle.ch\/#website","url":"https:\/\/nouveau-souffle.ch\/","name":"Nouveau-souffle","description":"","publisher":{"@id":"https:\/\/nouveau-souffle.ch\/#organization"},"potentialAction":[{"@type":"SearchAction","target":{"@type":"EntryPoint","urlTemplate":"https:\/\/nouveau-souffle.ch\/?s={search_term_string}"},"query-input":{"@type":"PropertyValueSpecification","valueRequired":true,"valueName":"search_term_string"}}],"inLanguage":"en-GB"},{"@type":"Organization","@id":"https:\/\/nouveau-souffle.ch\/#organization","name":"Nouveau-souffle","url":"https:\/\/nouveau-souffle.ch\/","logo":{"@type":"ImageObject","inLanguage":"en-GB","@id":"https:\/\/nouveau-souffle.ch\/#\/schema\/logo\/image\/","url":"https:\/\/nouveau-souffle.ch\/wp-content\/uploads\/2026\/04\/Design-sans-titre.png","contentUrl":"https:\/\/nouveau-souffle.ch\/wp-content\/uploads\/2026\/04\/Design-sans-titre.png","width":512,"height":512,"caption":"Nouveau-souffle"},"image":{"@id":"https:\/\/nouveau-souffle.ch\/#\/schema\/logo\/image\/"}}]}},"_links":{"self":[{"href":"https:\/\/nouveau-souffle.ch\/en\/wp-json\/wp\/v2\/pages\/42","targetHints":{"allow":["GET"]}}],"collection":[{"href":"https:\/\/nouveau-souffle.ch\/en\/wp-json\/wp\/v2\/pages"}],"about":[{"href":"https:\/\/nouveau-souffle.ch\/en\/wp-json\/wp\/v2\/types\/page"}],"author":[{"embeddable":true,"href":"https:\/\/nouveau-souffle.ch\/en\/wp-json\/wp\/v2\/users\/1"}],"replies":[{"embeddable":true,"href":"https:\/\/nouveau-souffle.ch\/en\/wp-json\/wp\/v2\/comments?post=42"}],"version-history":[{"count":41,"href":"https:\/\/nouveau-souffle.ch\/en\/wp-json\/wp\/v2\/pages\/42\/revisions"}],"predecessor-version":[{"id":880,"href":"https:\/\/nouveau-souffle.ch\/en\/wp-json\/wp\/v2\/pages\/42\/revisions\/880"}],"wp:attachment":[{"href":"https:\/\/nouveau-souffle.ch\/en\/wp-json\/wp\/v2\/media?parent=42"}],"curies":[{"name":"wp","href":"https:\/\/api.w.org\/{rel}","templated":true}]}}