{"id":40,"date":"2025-12-23T09:19:12","date_gmt":"2025-12-23T09:19:12","guid":{"rendered":"https:\/\/nouveau-souffle.ch\/?page_id=40"},"modified":"2026-03-01T17:49:07","modified_gmt":"2026-03-01T17:49:07","slug":"a-propos","status":"publish","type":"page","link":"https:\/\/nouveau-souffle.ch\/en\/a-propos\/","title":{"rendered":"About"},"content":{"rendered":"<div class=\"wp-block-group alignfull is-style-header-fixed has-global-padding is-layout-constrained wp-block-group-is-layout-constrained\">\n<h2 class=\"wp-block-heading has-text-align-center\" style=\"padding-top:var(--wp--preset--spacing--70);padding-bottom:var(--wp--preset--spacing--70)\">About<\/h2>\n\n\n\n<h3 class=\"wp-block-heading has-text-align-center\">How the Sport and Well-Being Project Began<\/h3>\n<\/div>\n\n\n\n<section class=\"wp-block-group alignfull has-text-color has-global-padding is-layout-constrained wp-container-core-group-is-layout-4252d6ba wp-block-group-is-layout-constrained\" style=\"color:#03081e;margin-top:0px;padding-top:6.51rem;padding-right:1rem;padding-bottom:5.5rem;padding-left:1rem;font-size:clamp(0.875rem, 0.875rem + ((1vw - 0.2rem) * 0.378), 1.13rem);font-style:normal;font-weight:400;line-height:1.4\">\n<div class=\"wp-block-columns is-layout-flex wp-container-core-columns-is-layout-db2df21c wp-block-columns-is-layout-flex\" style=\"margin-bottom:0px\">\n<div class=\"wp-block-column has-global-padding is-content-justification-left is-layout-constrained wp-container-core-column-is-layout-12dd3699 wp-block-column-is-layout-constrained\" style=\"flex-basis:50%\">\n<figure class=\"wp-block-image aligncenter size-full is-resized has-custom-border\"><img loading=\"lazy\" decoding=\"async\" width=\"1200\" height=\"1200\" src=\"https:\/\/nouveau-souffle.ch\/wp-content\/uploads\/2026\/01\/LB_siteweb.webp\" alt=\"Femme de dos assise sur une pente, Lac bleu au loin, paysage Suisse\" class=\"wp-image-618\" style=\"border-top-left-radius:40px;border-top-right-radius:40px;border-bottom-left-radius:40px;border-bottom-right-radius:40px;width:520px\" srcset=\"https:\/\/nouveau-souffle.ch\/wp-content\/uploads\/2026\/01\/LB_siteweb.webp 1200w, https:\/\/nouveau-souffle.ch\/wp-content\/uploads\/2026\/01\/LB_siteweb-300x300.webp 300w, https:\/\/nouveau-souffle.ch\/wp-content\/uploads\/2026\/01\/LB_siteweb-1024x1024.webp 1024w, https:\/\/nouveau-souffle.ch\/wp-content\/uploads\/2026\/01\/LB_siteweb-150x150.webp 150w, https:\/\/nouveau-souffle.ch\/wp-content\/uploads\/2026\/01\/LB_siteweb-768x768.webp 768w\" sizes=\"auto, (max-width: 1200px) 100vw, 1200px\" \/><\/figure>\n<\/div>\n\n\n\n<div class=\"wp-block-column is-layout-flow wp-block-column-is-layout-flow\">\n<div class=\"wp-block-group is-vertical is-content-justification-left is-layout-flex wp-container-core-group-is-layout-c5d44cae wp-block-group-is-layout-flex\" style=\"min-height:100%\">\n<div class=\"wp-block-group is-layout-flow wp-block-group-is-layout-flow\">\n<h3 class=\"wp-block-heading\">A Human-Centered Approach<\/h3>\n\n\n\n<p class=\"has-text-align-left has-text-color\" style=\"color:#03081e;margin-top:0rem;font-size:clamp(14px, 0.875rem + ((1vw - 3.2px) * 0.37), 18px);\">Through this project, I aim to offer a gentler, more accessible vision of movement, designed to fit naturally into everyday life. <\/p>\n\n\n\n<p style=\"font-size:clamp(14px, 0.875rem + ((1vw - 3.2px) * 0.37), 18px);\">Through simple and supportive content, Nouveau-Souffle encourages everyone to move forward at their own pace and to listen to their individual needs. Passionate about fitness, I am particularly interested in its benefits for both physical and mental health, and I aim to highlight movement as a true tool for balance.<\/p>\n\n\n\n<p class=\"has-text-align-left has-text-color\" style=\"color:#03081e;margin-top:0rem;font-size:clamp(14px, 0.875rem + ((1vw - 3.2px) * 0.37), 18px);\">This vision is what gave birth to the Nouveau-Souffle project.<\/p>\n<\/div>\n<\/div>\n<\/div>\n<\/div>\n<\/section>\n\n\n\n<section class=\"wp-block-group alignfull has-text-color has-global-padding is-layout-constrained wp-container-core-group-is-layout-b691706e wp-block-group-is-layout-constrained\" style=\"color:#03081e;margin-top:0px;padding-top:4.01rem;padding-right:1rem;padding-bottom:5.5rem;padding-left:1rem;font-size:clamp(0.875rem, 0.875rem + ((1vw - 0.2rem) * 0.378), 1.13rem);font-style:normal;font-weight:400;line-height:1.4\">\n<div class=\"wp-block-columns is-layout-flex wp-container-core-columns-is-layout-db2df21c wp-block-columns-is-layout-flex\" style=\"margin-bottom:0px\">\n<div class=\"wp-block-column is-layout-flow wp-block-column-is-layout-flow\">\n<div class=\"wp-block-group is-vertical is-content-justification-left is-layout-flex wp-container-core-group-is-layout-c5d44cae wp-block-group-is-layout-flex\" style=\"min-height:100%\">\n<div class=\"wp-block-group has-global-padding is-content-justification-center is-layout-constrained wp-container-core-group-is-layout-b15c80d6 wp-block-group-is-layout-constrained\">\n<h3 class=\"wp-block-heading\">Doubts<\/h3>\n\n\n\n<p style=\"font-size:clamp(14px, 0.875rem + ((1vw - 3.2px) * 0.37), 18px);\">Like many people, I experienced periods when exercise stopped being a source of joy and became a challenge to fit into an already busy life. Over time, I realized that trying to do too much, too quickly often leads to discouragement and eventually giving up.<\/p>\n\n\n\n<p style=\"font-size:clamp(14px, 0.875rem + ((1vw - 3.2px) * 0.37), 18px);\">Conversely, by focusing on simpler goals that better fit your lifestyle, it becomes possible to reconnect with movement in a lasting way, without pressure or guilt.<\/p>\n<\/div>\n<\/div>\n<\/div>\n\n\n\n<div class=\"wp-block-column has-global-padding is-content-justification-left is-layout-constrained wp-container-core-column-is-layout-12dd3699 wp-block-column-is-layout-constrained\" style=\"flex-basis:50%\">\n<figure class=\"wp-block-image aligncenter size-full is-resized has-custom-border is-style-default\"><img loading=\"lazy\" decoding=\"async\" width=\"2560\" height=\"2560\" src=\"https:\/\/nouveau-souffle.ch\/wp-content\/uploads\/2026\/01\/AR_siteweb-scaled.webp\" alt=\"Homme se tenant sur une collline de dos regaardant au loin, ciel bleu, nuage blanc\" class=\"wp-image-617\" style=\"border-top-left-radius:40px;border-top-right-radius:40px;border-bottom-left-radius:40px;border-bottom-right-radius:40px;width:520px\" srcset=\"https:\/\/nouveau-souffle.ch\/wp-content\/uploads\/2026\/01\/AR_siteweb-scaled.webp 2560w, https:\/\/nouveau-souffle.ch\/wp-content\/uploads\/2026\/01\/AR_siteweb-300x300.webp 300w, https:\/\/nouveau-souffle.ch\/wp-content\/uploads\/2026\/01\/AR_siteweb-1024x1024.webp 1024w, https:\/\/nouveau-souffle.ch\/wp-content\/uploads\/2026\/01\/AR_siteweb-150x150.webp 150w, https:\/\/nouveau-souffle.ch\/wp-content\/uploads\/2026\/01\/AR_siteweb-768x768.webp 768w, https:\/\/nouveau-souffle.ch\/wp-content\/uploads\/2026\/01\/AR_siteweb-1536x1536.webp 1536w, https:\/\/nouveau-souffle.ch\/wp-content\/uploads\/2026\/01\/AR_siteweb-2048x2048.webp 2048w\" sizes=\"auto, (max-width: 2560px) 100vw, 2560px\" \/><\/figure>\n<\/div>\n<\/div>\n<\/section>\n\n\n\n<section class=\"wp-block-group alignfull has-text-color has-global-padding is-layout-constrained wp-container-core-group-is-layout-b691706e wp-block-group-is-layout-constrained\" style=\"color:#03081e;margin-top:0px;padding-top:4.01rem;padding-right:1rem;padding-bottom:5.5rem;padding-left:1rem;font-size:clamp(0.875rem, 0.875rem + ((1vw - 0.2rem) * 0.378), 1.13rem);font-style:normal;font-weight:400;line-height:1.4\">\n<div class=\"wp-block-columns is-layout-flex wp-container-core-columns-is-layout-db2df21c wp-block-columns-is-layout-flex\" style=\"margin-bottom:0px\">\n<div class=\"wp-block-column has-global-padding is-content-justification-left is-layout-constrained wp-container-core-column-is-layout-12dd3699 wp-block-column-is-layout-constrained\" style=\"flex-basis:50%\">\n<figure class=\"wp-block-image aligncenter size-full is-resized has-custom-border wp-duotone-unset-1\"><img loading=\"lazy\" decoding=\"async\" width=\"2560\" height=\"2560\" src=\"https:\/\/nouveau-souffle.ch\/wp-content\/uploads\/2026\/01\/lumiere_web-scaled.webp\" alt=\"Image d'une ville dans la nuit, lumi\u00e8re de la ville allum\u00e9e\" class=\"wp-image-620\" style=\"border-top-left-radius:40px;border-top-right-radius:40px;border-bottom-left-radius:40px;border-bottom-right-radius:40px;width:520px\" srcset=\"https:\/\/nouveau-souffle.ch\/wp-content\/uploads\/2026\/01\/lumiere_web-scaled.webp 2560w, https:\/\/nouveau-souffle.ch\/wp-content\/uploads\/2026\/01\/lumiere_web-300x300.webp 300w, https:\/\/nouveau-souffle.ch\/wp-content\/uploads\/2026\/01\/lumiere_web-1024x1024.webp 1024w, https:\/\/nouveau-souffle.ch\/wp-content\/uploads\/2026\/01\/lumiere_web-150x150.webp 150w, https:\/\/nouveau-souffle.ch\/wp-content\/uploads\/2026\/01\/lumiere_web-768x768.webp 768w, https:\/\/nouveau-souffle.ch\/wp-content\/uploads\/2026\/01\/lumiere_web-1536x1536.webp 1536w, https:\/\/nouveau-souffle.ch\/wp-content\/uploads\/2026\/01\/lumiere_web-2048x2048.webp 2048w\" sizes=\"auto, (max-width: 2560px) 100vw, 2560px\" \/><\/figure>\n<\/div>\n\n\n\n<div class=\"wp-block-column is-layout-flow wp-block-column-is-layout-flow\">\n<div class=\"wp-block-group is-vertical is-content-justification-left is-layout-flex wp-container-core-group-is-layout-c5d44cae wp-block-group-is-layout-flex\" style=\"min-height:100%\">\n<div class=\"wp-block-group has-global-padding is-content-justification-center is-layout-constrained wp-container-core-group-is-layout-b15c80d6 wp-block-group-is-layout-constrained\">\n<h3 class=\"wp-block-heading\">Little by little\u2026<\/h3>\n\n\n\n<p style=\"font-size:clamp(14px, 0.875rem + ((1vw - 3.2px) * 0.37), 18px);\">Over time, movement gradually finds its place in daily life, no longer perceived as an additional constraint. It becomes part of a more intuitive approach, where we learn to recognize what the body truly needs, depending on the moment and the energy available. This perspective encourages us to step away from external pressures and reconnect with our own sensations.<\/p>\n\n\n\n<p style=\"font-size:clamp(14px, 0.875rem + ((1vw - 3.2px) * 0.37), 18px);\">It helps foster a more peaceful relationship with the body, built on consistency, patience, and respect for one\u2019s limits. It is through this gentle and gradual progression that a sustainable practice can take root, one that is aligned with your lifestyle and personal needs.<\/p>\n<\/div>\n<\/div>\n<\/div>\n<\/div>\n<\/section>","protected":false},"excerpt":{"rendered":"<p>\u00c0 propos Naissance du projet sport et bien-\u00eatre Une approche centr\u00e9e sur l\u2019humain Dans ce projet, je souhaite proposer une vision plus douce et accessible du mouvement, pens\u00e9e pour s\u2019int\u00e9grer facilement dans le quotidien. \u00c0 travers des contenus simples et bienveillants, Nouveau-Souffle encourage chacun \u00e0 avancer \u00e0 son rythme et \u00e0 \u00e9couter ses propres besoins. [&hellip;]<\/p>\n","protected":false},"author":1,"featured_media":0,"parent":0,"menu_order":0,"comment_status":"closed","ping_status":"closed","template":"","meta":{"footnotes":""},"class_list":["post-40","page","type-page","status-publish","hentry"],"yoast_head":"<!-- This site is optimized with the Yoast SEO plugin v27.3 - https:\/\/yoast.com\/product\/yoast-seo-wordpress\/ -->\n<title>\u00c0 propos - Nouveau-souffle<\/title>\n<meta name=\"description\" content=\"Retour sur la naissance du projet sport et bien-\u00eatre et sur l\u2019envie de proposer une approche plus douce et adapt\u00e9e au quotidien.\" \/>\n<meta name=\"robots\" content=\"index, follow, max-snippet:-1, max-image-preview:large, max-video-preview:-1\" \/>\n<link rel=\"canonical\" href=\"https:\/\/nouveau-souffle.ch\/en\/a-propos\/\" \/>\n<meta property=\"og:locale\" content=\"en_GB\" \/>\n<meta property=\"og:type\" content=\"article\" \/>\n<meta property=\"og:title\" content=\"Nouveau Souffle \u2013 Bouger, respirer et retrouver l\u2019\u00e9quilibre\ud83e\udebb\" \/>\n<meta property=\"og:description\" content=\"Nouveau Souffle explore le lien entre sport et sant\u00e9 mentale pour vous aider \u00e0 bouger, respirer et cultiver un \u00e9quilibre au quotidien.\" \/>\n<meta property=\"og:url\" content=\"https:\/\/nouveau-souffle.ch\/en\/a-propos\/\" \/>\n<meta property=\"og:site_name\" content=\"Nouveau-souffle\" \/>\n<meta property=\"article:modified_time\" content=\"2026-03-01T17:49:07+00:00\" \/>\n<meta property=\"og:image\" content=\"https:\/\/nouveau-souffle.ch\/wp-content\/uploads\/2026\/01\/banner_accueil2.webp\" \/>\n\t<meta property=\"og:image:width\" content=\"1024\" \/>\n\t<meta property=\"og:image:height\" content=\"985\" \/>\n\t<meta property=\"og:image:type\" content=\"image\/webp\" \/>\n<meta name=\"twitter:card\" content=\"summary_large_image\" \/>\n<meta name=\"twitter:label1\" content=\"Estimated reading time\" \/>\n\t<meta name=\"twitter:data1\" content=\"3 minutes\" \/>\n<script type=\"application\/ld+json\" class=\"yoast-schema-graph\">{\"@context\":\"https:\\\/\\\/schema.org\",\"@graph\":[{\"@type\":\"WebPage\",\"@id\":\"https:\\\/\\\/nouveau-souffle.ch\\\/a-propos\\\/\",\"url\":\"https:\\\/\\\/nouveau-souffle.ch\\\/a-propos\\\/\",\"name\":\"\u00c0 propos - Nouveau-souffle\",\"isPartOf\":{\"@id\":\"https:\\\/\\\/nouveau-souffle.ch\\\/#website\"},\"primaryImageOfPage\":{\"@id\":\"https:\\\/\\\/nouveau-souffle.ch\\\/a-propos\\\/#primaryimage\"},\"image\":{\"@id\":\"https:\\\/\\\/nouveau-souffle.ch\\\/a-propos\\\/#primaryimage\"},\"thumbnailUrl\":\"https:\\\/\\\/nouveau-souffle.ch\\\/wp-content\\\/uploads\\\/2026\\\/01\\\/LB_siteweb.webp\",\"datePublished\":\"2025-12-23T09:19:12+00:00\",\"dateModified\":\"2026-03-01T17:49:07+00:00\",\"description\":\"Retour sur la naissance du projet sport et bien-\u00eatre et sur l\u2019envie de proposer une approche plus douce et adapt\u00e9e au quotidien.\",\"breadcrumb\":{\"@id\":\"https:\\\/\\\/nouveau-souffle.ch\\\/a-propos\\\/#breadcrumb\"},\"inLanguage\":\"en-GB\",\"potentialAction\":[{\"@type\":\"ReadAction\",\"target\":[\"https:\\\/\\\/nouveau-souffle.ch\\\/a-propos\\\/\"]}]},{\"@type\":\"ImageObject\",\"inLanguage\":\"en-GB\",\"@id\":\"https:\\\/\\\/nouveau-souffle.ch\\\/a-propos\\\/#primaryimage\",\"url\":\"https:\\\/\\\/nouveau-souffle.ch\\\/wp-content\\\/uploads\\\/2026\\\/01\\\/LB_siteweb.webp\",\"contentUrl\":\"https:\\\/\\\/nouveau-souffle.ch\\\/wp-content\\\/uploads\\\/2026\\\/01\\\/LB_siteweb.webp\"},{\"@type\":\"BreadcrumbList\",\"@id\":\"https:\\\/\\\/nouveau-souffle.ch\\\/a-propos\\\/#breadcrumb\",\"itemListElement\":[{\"@type\":\"ListItem\",\"position\":1,\"name\":\"Accueil\",\"item\":\"https:\\\/\\\/nouveau-souffle.ch\\\/\"},{\"@type\":\"ListItem\",\"position\":2,\"name\":\"\u00c0 propos\"}]},{\"@type\":\"WebSite\",\"@id\":\"https:\\\/\\\/nouveau-souffle.ch\\\/#website\",\"url\":\"https:\\\/\\\/nouveau-souffle.ch\\\/\",\"name\":\"Nouveau-souffle\",\"description\":\"\",\"publisher\":{\"@id\":\"https:\\\/\\\/nouveau-souffle.ch\\\/#organization\"},\"potentialAction\":[{\"@type\":\"SearchAction\",\"target\":{\"@type\":\"EntryPoint\",\"urlTemplate\":\"https:\\\/\\\/nouveau-souffle.ch\\\/?s={search_term_string}\"},\"query-input\":{\"@type\":\"PropertyValueSpecification\",\"valueRequired\":true,\"valueName\":\"search_term_string\"}}],\"inLanguage\":\"en-GB\"},{\"@type\":\"Organization\",\"@id\":\"https:\\\/\\\/nouveau-souffle.ch\\\/#organization\",\"name\":\"Nouveau-souffle\",\"url\":\"https:\\\/\\\/nouveau-souffle.ch\\\/\",\"logo\":{\"@type\":\"ImageObject\",\"inLanguage\":\"en-GB\",\"@id\":\"https:\\\/\\\/nouveau-souffle.ch\\\/#\\\/schema\\\/logo\\\/image\\\/\",\"url\":\"https:\\\/\\\/nouveau-souffle.ch\\\/wp-content\\\/uploads\\\/2026\\\/04\\\/Design-sans-titre.png\",\"contentUrl\":\"https:\\\/\\\/nouveau-souffle.ch\\\/wp-content\\\/uploads\\\/2026\\\/04\\\/Design-sans-titre.png\",\"width\":512,\"height\":512,\"caption\":\"Nouveau-souffle\"},\"image\":{\"@id\":\"https:\\\/\\\/nouveau-souffle.ch\\\/#\\\/schema\\\/logo\\\/image\\\/\"}}]}<\/script>\n<!-- \/ Yoast SEO plugin. -->","yoast_head_json":{"title":"\u00c0 propos - Nouveau-souffle","description":"Retour sur la naissance du projet sport et bien-\u00eatre et sur l\u2019envie de proposer une approche plus douce et adapt\u00e9e au quotidien.","robots":{"index":"index","follow":"follow","max-snippet":"max-snippet:-1","max-image-preview":"max-image-preview:large","max-video-preview":"max-video-preview:-1"},"canonical":"https:\/\/nouveau-souffle.ch\/en\/a-propos\/","og_locale":"en_GB","og_type":"article","og_title":"Nouveau Souffle \u2013 Bouger, respirer et retrouver l\u2019\u00e9quilibre\ud83e\udebb","og_description":"Nouveau Souffle explore le lien entre sport et sant\u00e9 mentale pour vous aider \u00e0 bouger, respirer et cultiver un \u00e9quilibre au quotidien.","og_url":"https:\/\/nouveau-souffle.ch\/en\/a-propos\/","og_site_name":"Nouveau-souffle","article_modified_time":"2026-03-01T17:49:07+00:00","og_image":[{"width":1024,"height":985,"url":"https:\/\/nouveau-souffle.ch\/wp-content\/uploads\/2026\/01\/banner_accueil2.webp","type":"image\/webp"}],"twitter_card":"summary_large_image","twitter_misc":{"Estimated reading time":"3 minutes"},"schema":{"@context":"https:\/\/schema.org","@graph":[{"@type":"WebPage","@id":"https:\/\/nouveau-souffle.ch\/a-propos\/","url":"https:\/\/nouveau-souffle.ch\/a-propos\/","name":"\u00c0 propos - Nouveau-souffle","isPartOf":{"@id":"https:\/\/nouveau-souffle.ch\/#website"},"primaryImageOfPage":{"@id":"https:\/\/nouveau-souffle.ch\/a-propos\/#primaryimage"},"image":{"@id":"https:\/\/nouveau-souffle.ch\/a-propos\/#primaryimage"},"thumbnailUrl":"https:\/\/nouveau-souffle.ch\/wp-content\/uploads\/2026\/01\/LB_siteweb.webp","datePublished":"2025-12-23T09:19:12+00:00","dateModified":"2026-03-01T17:49:07+00:00","description":"Retour sur la naissance du projet sport et bien-\u00eatre et sur l\u2019envie de proposer une approche plus douce et adapt\u00e9e au quotidien.","breadcrumb":{"@id":"https:\/\/nouveau-souffle.ch\/a-propos\/#breadcrumb"},"inLanguage":"en-GB","potentialAction":[{"@type":"ReadAction","target":["https:\/\/nouveau-souffle.ch\/a-propos\/"]}]},{"@type":"ImageObject","inLanguage":"en-GB","@id":"https:\/\/nouveau-souffle.ch\/a-propos\/#primaryimage","url":"https:\/\/nouveau-souffle.ch\/wp-content\/uploads\/2026\/01\/LB_siteweb.webp","contentUrl":"https:\/\/nouveau-souffle.ch\/wp-content\/uploads\/2026\/01\/LB_siteweb.webp"},{"@type":"BreadcrumbList","@id":"https:\/\/nouveau-souffle.ch\/a-propos\/#breadcrumb","itemListElement":[{"@type":"ListItem","position":1,"name":"Accueil","item":"https:\/\/nouveau-souffle.ch\/"},{"@type":"ListItem","position":2,"name":"\u00c0 propos"}]},{"@type":"WebSite","@id":"https:\/\/nouveau-souffle.ch\/#website","url":"https:\/\/nouveau-souffle.ch\/","name":"Nouveau-souffle","description":"","publisher":{"@id":"https:\/\/nouveau-souffle.ch\/#organization"},"potentialAction":[{"@type":"SearchAction","target":{"@type":"EntryPoint","urlTemplate":"https:\/\/nouveau-souffle.ch\/?s={search_term_string}"},"query-input":{"@type":"PropertyValueSpecification","valueRequired":true,"valueName":"search_term_string"}}],"inLanguage":"en-GB"},{"@type":"Organization","@id":"https:\/\/nouveau-souffle.ch\/#organization","name":"Nouveau-souffle","url":"https:\/\/nouveau-souffle.ch\/","logo":{"@type":"ImageObject","inLanguage":"en-GB","@id":"https:\/\/nouveau-souffle.ch\/#\/schema\/logo\/image\/","url":"https:\/\/nouveau-souffle.ch\/wp-content\/uploads\/2026\/04\/Design-sans-titre.png","contentUrl":"https:\/\/nouveau-souffle.ch\/wp-content\/uploads\/2026\/04\/Design-sans-titre.png","width":512,"height":512,"caption":"Nouveau-souffle"},"image":{"@id":"https:\/\/nouveau-souffle.ch\/#\/schema\/logo\/image\/"}}]}},"_links":{"self":[{"href":"https:\/\/nouveau-souffle.ch\/en\/wp-json\/wp\/v2\/pages\/40","targetHints":{"allow":["GET"]}}],"collection":[{"href":"https:\/\/nouveau-souffle.ch\/en\/wp-json\/wp\/v2\/pages"}],"about":[{"href":"https:\/\/nouveau-souffle.ch\/en\/wp-json\/wp\/v2\/types\/page"}],"author":[{"embeddable":true,"href":"https:\/\/nouveau-souffle.ch\/en\/wp-json\/wp\/v2\/users\/1"}],"replies":[{"embeddable":true,"href":"https:\/\/nouveau-souffle.ch\/en\/wp-json\/wp\/v2\/comments?post=40"}],"version-history":[{"count":43,"href":"https:\/\/nouveau-souffle.ch\/en\/wp-json\/wp\/v2\/pages\/40\/revisions"}],"predecessor-version":[{"id":885,"href":"https:\/\/nouveau-souffle.ch\/en\/wp-json\/wp\/v2\/pages\/40\/revisions\/885"}],"wp:attachment":[{"href":"https:\/\/nouveau-souffle.ch\/en\/wp-json\/wp\/v2\/media?parent=40"}],"curies":[{"name":"wp","href":"https:\/\/api.w.org\/{rel}","templated":true}]}}