{"id":3,"date":"2025-10-16T09:52:10","date_gmt":"2025-10-16T09:52:10","guid":{"rendered":"https:\/\/nouveau-souffle.ch\/?page_id=3"},"modified":"2026-02-01T15:41:36","modified_gmt":"2026-02-01T15:41:36","slug":"privacy-policy","status":"publish","type":"page","link":"https:\/\/nouveau-souffle.ch\/en\/privacy-policy\/","title":{"rendered":"Privacy policy"},"content":{"rendered":"<p><\/p>\n\n\n\n<h2 class=\"wp-block-heading\">Newsletter et communications par email<\/h2>\n\n\n\n<p>Lorsque vous vous inscrivez \u00e0 la newsletter de nouveau-souffle, nous collectons uniquement votre adresse email.<br>Cette donn\u00e9e est utilis\u00e9e <strong>uniquement<\/strong> pour vous envoyer :<\/p>\n\n\n\n<ul class=\"wp-block-list\">\n<li>nos newsletters,<\/li>\n\n\n\n<li>des informations sur des tendances mode, \u00e9v\u00e9nements, recommandations ou actualit\u00e9s li\u00e9es \u00e0 Nouveau-souffle.<\/li>\n\n\n\n<li>des offres sp\u00e9ciales ou annonces en lien direct avec notre contenu.<\/li>\n<\/ul>\n\n\n\n<h3 class=\"wp-block-heading\">Base l\u00e9gale (RGPD)<\/h3>\n\n\n\n<p>L\u2019envoi de la newsletter repose sur <strong>votre consentement explicite<\/strong>, donn\u00e9 au moment de l\u2019inscription (art. 6(1)(a) RGPD).<\/p>\n\n\n\n<h3 class=\"wp-block-heading\">Double opt-in<\/h3>\n\n\n\n<p>Afin de garantir la validit\u00e9 de votre consentement, un email de confirmation vous est envoy\u00e9 apr\u00e8s votre inscription.<br>Votre abonnement n\u2019est activ\u00e9 qu\u2019apr\u00e8s validation via ce message.<\/p>\n\n\n\n<h3 class=\"wp-block-heading\">D\u00e9sinscription<\/h3>\n\n\n\n<p>Vous pouvez vous d\u00e9sinscrire <strong>\u00e0 tout moment<\/strong>, en cliquant sur le lien de d\u00e9sinscription pr\u00e9sent en bas de chaque email ou en nous contactant \u00e0 l\u2019adresse suivante :<br><strong>Contact@nouveau-souffle.ch<\/strong><\/p>\n\n\n\n<h3 class=\"wp-block-heading\">Conservation des donn\u00e9es<\/h3>\n\n\n\n<p>Votre adresse email est conserv\u00e9e tant que vous restez inscrite \u00e0 la newsletter.<br>En cas de d\u00e9sinscription, elle est automatiquement supprim\u00e9e de notre liste d\u2019envoi.<\/p>\n\n\n\n<h3 class=\"wp-block-heading\">Services tiers utilis\u00e9s<\/h3>\n\n\n\n<p>Pour l\u2019envoi de la newsletter, nous utilisons le service :<br><strong>The Newsletter Plugin (WordPress)<\/strong><br>Ce service traite votre email uniquement pour le compte de BerlinSide et n\u2019est pas autoris\u00e9 \u00e0 l\u2019utiliser \u00e0 d\u2019autres fins.<\/p>\n\n\n\n<h3 class=\"wp-block-heading\">Confidentialit\u00e9 &amp; s\u00e9curit\u00e9<\/h3>\n\n\n\n<p>Nous nous engageons \u00e0 prot\u00e9ger vos donn\u00e9es et \u00e0 ne jamais vendre, louer ou partager votre adresse email \u00e0 des tiers \u00e0 des fins commerciales.<\/p>","protected":false},"excerpt":{"rendered":"<p>Newsletter et communications par email Lorsque vous vous inscrivez \u00e0 la newsletter de nouveau-souffle, nous collectons uniquement votre adresse email.Cette donn\u00e9e est utilis\u00e9e uniquement pour vous envoyer : Base l\u00e9gale (RGPD) L\u2019envoi de la newsletter repose sur votre consentement explicite, donn\u00e9 au moment de l\u2019inscription (art. 6(1)(a) RGPD). Double opt-in Afin de garantir la validit\u00e9 [&hellip;]<\/p>\n","protected":false},"author":1,"featured_media":0,"parent":0,"menu_order":0,"comment_status":"closed","ping_status":"open","template":"","meta":{"footnotes":""},"class_list":["post-3","page","type-page","status-publish","hentry"],"yoast_head":"<!-- This site is optimized with the Yoast SEO plugin v27.3 - https:\/\/yoast.com\/product\/yoast-seo-wordpress\/ -->\n<title>Politique de confidentialit\u00e9 - Nouveau-souffle<\/title>\n<meta name=\"robots\" content=\"index, follow, max-snippet:-1, max-image-preview:large, max-video-preview:-1\" \/>\n<link rel=\"canonical\" href=\"https:\/\/nouveau-souffle.ch\/en\/privacy-policy\/\" \/>\n<meta property=\"og:locale\" content=\"en_GB\" \/>\n<meta property=\"og:type\" content=\"article\" \/>\n<meta property=\"og:title\" content=\"Politique de confidentialit\u00e9 - Nouveau-souffle\" \/>\n<meta property=\"og:description\" content=\"Newsletter et communications par email Lorsque vous vous inscrivez \u00e0 la newsletter de nouveau-souffle, nous collectons uniquement votre adresse email.Cette donn\u00e9e est utilis\u00e9e uniquement pour vous envoyer : Base l\u00e9gale (RGPD) L\u2019envoi de la newsletter repose sur votre consentement explicite, donn\u00e9 au moment de l\u2019inscription (art. 6(1)(a) RGPD). Double opt-in Afin de garantir la validit\u00e9 [&hellip;]\" \/>\n<meta property=\"og:url\" content=\"https:\/\/nouveau-souffle.ch\/en\/privacy-policy\/\" \/>\n<meta property=\"og:site_name\" content=\"Nouveau-souffle\" \/>\n<meta property=\"article:modified_time\" content=\"2026-02-01T15:41:36+00:00\" \/>\n<meta name=\"twitter:card\" content=\"summary_large_image\" \/>\n<meta name=\"twitter:label1\" content=\"Estimated reading time\" \/>\n\t<meta name=\"twitter:data1\" content=\"2 minutes\" \/>\n<script type=\"application\/ld+json\" class=\"yoast-schema-graph\">{\"@context\":\"https:\\\/\\\/schema.org\",\"@graph\":[{\"@type\":\"WebPage\",\"@id\":\"https:\\\/\\\/nouveau-souffle.ch\\\/privacy-policy\\\/\",\"url\":\"https:\\\/\\\/nouveau-souffle.ch\\\/privacy-policy\\\/\",\"name\":\"Politique de confidentialit\u00e9 - Nouveau-souffle\",\"isPartOf\":{\"@id\":\"https:\\\/\\\/nouveau-souffle.ch\\\/#website\"},\"datePublished\":\"2025-10-16T09:52:10+00:00\",\"dateModified\":\"2026-02-01T15:41:36+00:00\",\"breadcrumb\":{\"@id\":\"https:\\\/\\\/nouveau-souffle.ch\\\/privacy-policy\\\/#breadcrumb\"},\"inLanguage\":\"en-GB\",\"potentialAction\":[{\"@type\":\"ReadAction\",\"target\":[\"https:\\\/\\\/nouveau-souffle.ch\\\/privacy-policy\\\/\"]}]},{\"@type\":\"BreadcrumbList\",\"@id\":\"https:\\\/\\\/nouveau-souffle.ch\\\/privacy-policy\\\/#breadcrumb\",\"itemListElement\":[{\"@type\":\"ListItem\",\"position\":1,\"name\":\"Accueil\",\"item\":\"https:\\\/\\\/nouveau-souffle.ch\\\/\"},{\"@type\":\"ListItem\",\"position\":2,\"name\":\"Politique de confidentialit\u00e9\"}]},{\"@type\":\"WebSite\",\"@id\":\"https:\\\/\\\/nouveau-souffle.ch\\\/#website\",\"url\":\"https:\\\/\\\/nouveau-souffle.ch\\\/\",\"name\":\"Nouveau-souffle\",\"description\":\"\",\"publisher\":{\"@id\":\"https:\\\/\\\/nouveau-souffle.ch\\\/#organization\"},\"potentialAction\":[{\"@type\":\"SearchAction\",\"target\":{\"@type\":\"EntryPoint\",\"urlTemplate\":\"https:\\\/\\\/nouveau-souffle.ch\\\/?s={search_term_string}\"},\"query-input\":{\"@type\":\"PropertyValueSpecification\",\"valueRequired\":true,\"valueName\":\"search_term_string\"}}],\"inLanguage\":\"en-GB\"},{\"@type\":\"Organization\",\"@id\":\"https:\\\/\\\/nouveau-souffle.ch\\\/#organization\",\"name\":\"Nouveau-souffle\",\"url\":\"https:\\\/\\\/nouveau-souffle.ch\\\/\",\"logo\":{\"@type\":\"ImageObject\",\"inLanguage\":\"en-GB\",\"@id\":\"https:\\\/\\\/nouveau-souffle.ch\\\/#\\\/schema\\\/logo\\\/image\\\/\",\"url\":\"https:\\\/\\\/nouveau-souffle.ch\\\/wp-content\\\/uploads\\\/2026\\\/04\\\/Design-sans-titre.png\",\"contentUrl\":\"https:\\\/\\\/nouveau-souffle.ch\\\/wp-content\\\/uploads\\\/2026\\\/04\\\/Design-sans-titre.png\",\"width\":512,\"height\":512,\"caption\":\"Nouveau-souffle\"},\"image\":{\"@id\":\"https:\\\/\\\/nouveau-souffle.ch\\\/#\\\/schema\\\/logo\\\/image\\\/\"}}]}<\/script>\n<!-- \/ Yoast SEO plugin. -->","yoast_head_json":{"title":"Politique de confidentialit\u00e9 - Nouveau-souffle","robots":{"index":"index","follow":"follow","max-snippet":"max-snippet:-1","max-image-preview":"max-image-preview:large","max-video-preview":"max-video-preview:-1"},"canonical":"https:\/\/nouveau-souffle.ch\/en\/privacy-policy\/","og_locale":"en_GB","og_type":"article","og_title":"Politique de confidentialit\u00e9 - Nouveau-souffle","og_description":"Newsletter et communications par email Lorsque vous vous inscrivez \u00e0 la newsletter de nouveau-souffle, nous collectons uniquement votre adresse email.Cette donn\u00e9e est utilis\u00e9e uniquement pour vous envoyer : Base l\u00e9gale (RGPD) L\u2019envoi de la newsletter repose sur votre consentement explicite, donn\u00e9 au moment de l\u2019inscription (art. 6(1)(a) RGPD). Double opt-in Afin de garantir la validit\u00e9 [&hellip;]","og_url":"https:\/\/nouveau-souffle.ch\/en\/privacy-policy\/","og_site_name":"Nouveau-souffle","article_modified_time":"2026-02-01T15:41:36+00:00","twitter_card":"summary_large_image","twitter_misc":{"Estimated reading time":"2 minutes"},"schema":{"@context":"https:\/\/schema.org","@graph":[{"@type":"WebPage","@id":"https:\/\/nouveau-souffle.ch\/privacy-policy\/","url":"https:\/\/nouveau-souffle.ch\/privacy-policy\/","name":"Politique de confidentialit\u00e9 - Nouveau-souffle","isPartOf":{"@id":"https:\/\/nouveau-souffle.ch\/#website"},"datePublished":"2025-10-16T09:52:10+00:00","dateModified":"2026-02-01T15:41:36+00:00","breadcrumb":{"@id":"https:\/\/nouveau-souffle.ch\/privacy-policy\/#breadcrumb"},"inLanguage":"en-GB","potentialAction":[{"@type":"ReadAction","target":["https:\/\/nouveau-souffle.ch\/privacy-policy\/"]}]},{"@type":"BreadcrumbList","@id":"https:\/\/nouveau-souffle.ch\/privacy-policy\/#breadcrumb","itemListElement":[{"@type":"ListItem","position":1,"name":"Accueil","item":"https:\/\/nouveau-souffle.ch\/"},{"@type":"ListItem","position":2,"name":"Politique de confidentialit\u00e9"}]},{"@type":"WebSite","@id":"https:\/\/nouveau-souffle.ch\/#website","url":"https:\/\/nouveau-souffle.ch\/","name":"Nouveau-souffle","description":"","publisher":{"@id":"https:\/\/nouveau-souffle.ch\/#organization"},"potentialAction":[{"@type":"SearchAction","target":{"@type":"EntryPoint","urlTemplate":"https:\/\/nouveau-souffle.ch\/?s={search_term_string}"},"query-input":{"@type":"PropertyValueSpecification","valueRequired":true,"valueName":"search_term_string"}}],"inLanguage":"en-GB"},{"@type":"Organization","@id":"https:\/\/nouveau-souffle.ch\/#organization","name":"Nouveau-souffle","url":"https:\/\/nouveau-souffle.ch\/","logo":{"@type":"ImageObject","inLanguage":"en-GB","@id":"https:\/\/nouveau-souffle.ch\/#\/schema\/logo\/image\/","url":"https:\/\/nouveau-souffle.ch\/wp-content\/uploads\/2026\/04\/Design-sans-titre.png","contentUrl":"https:\/\/nouveau-souffle.ch\/wp-content\/uploads\/2026\/04\/Design-sans-titre.png","width":512,"height":512,"caption":"Nouveau-souffle"},"image":{"@id":"https:\/\/nouveau-souffle.ch\/#\/schema\/logo\/image\/"}}]}},"_links":{"self":[{"href":"https:\/\/nouveau-souffle.ch\/en\/wp-json\/wp\/v2\/pages\/3","targetHints":{"allow":["GET"]}}],"collection":[{"href":"https:\/\/nouveau-souffle.ch\/en\/wp-json\/wp\/v2\/pages"}],"about":[{"href":"https:\/\/nouveau-souffle.ch\/en\/wp-json\/wp\/v2\/types\/page"}],"author":[{"embeddable":true,"href":"https:\/\/nouveau-souffle.ch\/en\/wp-json\/wp\/v2\/users\/1"}],"replies":[{"embeddable":true,"href":"https:\/\/nouveau-souffle.ch\/en\/wp-json\/wp\/v2\/comments?post=3"}],"version-history":[{"count":4,"href":"https:\/\/nouveau-souffle.ch\/en\/wp-json\/wp\/v2\/pages\/3\/revisions"}],"predecessor-version":[{"id":895,"href":"https:\/\/nouveau-souffle.ch\/en\/wp-json\/wp\/v2\/pages\/3\/revisions\/895"}],"wp:attachment":[{"href":"https:\/\/nouveau-souffle.ch\/en\/wp-json\/wp\/v2\/media?parent=3"}],"curies":[{"name":"wp","href":"https:\/\/api.w.org\/{rel}","templated":true}]}}